{"id":78,"date":"2025-09-29T05:59:46","date_gmt":"2025-09-29T05:59:46","guid":{"rendered":"https:\/\/safashir.ir\/en\/?page_id=78"},"modified":"2025-10-26T06:38:10","modified_gmt":"2025-10-26T06:38:10","slug":"safashirpars-summary","status":"publish","type":"page","link":"https:\/\/safashir.ir\/tr\/index.php\/safashirpars-summary\/","title":{"rendered":"Safashirpars Tan\u0131t\u0131m\u0131"},"content":{"rendered":"\t\t<div data-elementor-type=\"wp-page\" data-elementor-id=\"78\" class=\"elementor elementor-78\" data-elementor-post-type=\"page\">\n\t\t\t\t<div class=\"elementor-element elementor-element-6b12760 e-flex e-con-boxed e-con e-parent\" data-id=\"6b12760\" data-element_type=\"container\">\n\t\t\t\t\t<div class=\"e-con-inner\">\n\t\t\t\t<div class=\"elementor-element elementor-element-c72a827 elementor-widget elementor-widget-heading\" data-id=\"c72a827\" data-element_type=\"widget\" data-widget_type=\"heading.default\">\n\t\t\t\t\t<h2 class=\"elementor-heading-title elementor-size-default\"><div class=\"elementor-element elementor-element-8e8a58c elementor-widget elementor-widget-heading\" data-id=\"8e8a58c\" data-element_type=\"widget\" data-widget_type=\"heading.default\" style=\"align-self: auto;flex: 0 1 auto;align-items: normal;flex-flow: row;gap: 20px;--widgets-spacing: 20px 20px;--widgets-spacing-row: 20px;--widgets-spacing-column: 20px;--swiper-theme-color: #000;--swiper-navigation-size: 44px;--swiper-pagination-bullet-size: 6px;--swiper-pagination-bullet-horizontal-gap: 6px;margin-bottom: 0px;--kit-widget-spacing: 0px;max-width: 100%;font-size: 16px;font-weight: 400\"><h2 class=\"elementor-heading-title elementor-size-default\" style=\"font-family: Roboto, sans-serif;font-weight: 600;line-height: 41px\">Safa Shir Pars Sanayi ve \u00dcretim A.\u015e<\/h2><div><br><\/div><\/div><div class=\"elementor-element elementor-element-ff1253b elementor-widget elementor-widget-heading\" data-id=\"ff1253b\" data-element_type=\"widget\" data-widget_type=\"heading.default\" style=\"align-self: auto;flex: 0 1 auto;align-items: normal;flex-flow: row;gap: 20px;--widgets-spacing: 20px 20px;--widgets-spacing-row: 20px;--widgets-spacing-column: 20px;--swiper-theme-color: #000;--swiper-navigation-size: 44px;--swiper-pagination-bullet-size: 6px;--swiper-pagination-bullet-horizontal-gap: 6px;margin-bottom: 0px;--kit-widget-spacing: 0px;max-width: 100%;font-size: 16px;font-weight: 400\"><\/div><\/h2>\t\t\t\t<\/div>\n\t\t\t\t<div class=\"elementor-element elementor-element-5b6e60c elementor-widget elementor-widget-heading\" data-id=\"5b6e60c\" data-element_type=\"widget\" data-widget_type=\"heading.default\">\n\t\t\t\t\t<h2 class=\"elementor-heading-title elementor-size-default\"><div class=\"elementor-element elementor-element-ff1253b elementor-widget elementor-widget-heading\" data-id=\"ff1253b\" data-element_type=\"widget\" data-widget_type=\"heading.default\" style=\"align-self: auto;flex: 0 1 auto;align-items: normal;flex-flow: row;gap: 20px;--widgets-spacing: 20px 20px;--widgets-spacing-row: 20px;--widgets-spacing-column: 20px;--swiper-theme-color: #000;--swiper-navigation-size: 44px;--swiper-pagination-bullet-size: 6px;--swiper-pagination-bullet-horizontal-gap: 6px;margin-bottom: 0px;--kit-widget-spacing: 0px;max-width: 100%;font-size: 16px;font-weight: 400\"><h2 class=\"elementor-heading-title elementor-size-default\" style=\"font-family: Roboto, sans-serif;font-weight: 600;line-height: 40px;font-size: 22px\">Y\u00fcksek kaliteli vanalar ve ocak br\u00fcl\u00f6rleri konusunda uzmanla\u015fm\u0131\u015f, lider bir \u00fcretici<\/h2><div><br><\/div><\/div><div class=\"elementor-element elementor-element-a9e4cfb elementor-widget-mobile__width-auto elementor-widget elementor-widget-text-editor\" data-id=\"a9e4cfb\" data-element_type=\"widget\" data-widget_type=\"text-editor.default\" style=\"align-self: auto;flex: 0 1 auto;align-items: normal;flex-flow: row;gap: 20px;--widgets-spacing: 20px 20px;--widgets-spacing-row: 20px;--widgets-spacing-column: 20px;--swiper-theme-color: #000;--swiper-navigation-size: 44px;--swiper-pagination-bullet-size: 6px;--swiper-pagination-bullet-horizontal-gap: 6px;font-family: Roboto, sans-serif;font-weight: 400;padding: 0px 20px;border-radius: 15px;font-size: 20px;line-height: 35px;max-width: 100%\"><\/div><\/h2>\t\t\t\t<\/div>\n\t\t\t\t<div class=\"elementor-element elementor-element-b880258 elementor-widget elementor-widget-text-editor\" data-id=\"b880258\" data-element_type=\"widget\" data-widget_type=\"text-editor.default\">\n\t\t\t\t\t\t\t\t\t<h3>Hakk\u0131m\u0131zda<\/h3><p><strong>Safa Shir Pars Sanayi \u015eirketi<\/strong>, 1993 y\u0131l\u0131nda\u00a0<strong>RIAZAT \u00dcretim ve Sanayi At\u00f6lyesi<\/strong>\u00a0ad\u0131yla kurulmu\u015ftur. 30 metrekarelik m\u00fctevaz\u0131 bir at\u00f6lyede ba\u015flayan yolculu\u011fumuz, ocak br\u00fcl\u00f6rleri \u00fcretimiyle sekt\u00f6re ad\u0131m atm\u0131\u015ft\u0131r.<\/p><p>2000 y\u0131l\u0131nda, \u00fcretim kapasitemizi art\u0131rarak 1.200 metrekarelik yeni tesisimize ta\u015f\u0131nd\u0131k ve faaliyetlerimizi\u00a0<strong>RIAZAT Sanayi \u00dcretim Grubu<\/strong>\u00a0ad\u0131 alt\u0131nda geni\u015fleterek \u00fcr\u00fcn yelpazemizi \u00e7e\u015fitlendirdik.<\/p><p>2014 y\u0131l\u0131ndan bu yana,\u00a0<strong>Safa Shir Pars Sanayi \u015eirketi (\u00d6zel Anonim \u015eirket)<\/strong>\u00a0olarak, Safadasht Sanayi B\u00f6lgesi\u2019nde yer alan 10.000 metrekarelik modern tesisimizde faaliyet g\u00f6stermekteyiz. Sayg\u0131n\u00a0<strong>RIAZAT<\/strong>\u00a0markas\u0131 alt\u0131nda, y\u00fcksek kaliteli ocak musluklar\u0131 ve br\u00fcl\u00f6rleri \u00fcretiminde uzmanla\u015farak sekt\u00f6rdeki lider konumumuzu g\u00fc\u00e7lendirmekteyiz.<\/p><p>Kaliteye olan ba\u011fl\u0131l\u0131\u011f\u0131m\u0131z, yenilik\u00e7i yakla\u015f\u0131m\u0131m\u0131z ve m\u00fc\u015fteri memnuniyetine verdi\u011fimiz \u00f6nem sayesinde, yerel ve uluslararas\u0131 pazarlarda g\u00fcvenilir bir \u00e7\u00f6z\u00fcm orta\u011f\u0131 olmaya devam ediyoruz.<\/p>\t\t\t\t\t\t\t\t<\/div>\n\t\t\t\t\t<\/div>\n\t\t\t\t<\/div>\n\t\t\t\t<\/div>\n\t\t","protected":false},"excerpt":{"rendered":"<p>Safa Shir Pars Sanayi ve \u00dcretim A.\u015e Y\u00fcksek kaliteli vanalar ve ocak br\u00fcl\u00f6rleri konusunda uzmanla\u015fm\u0131\u015f, lider bir \u00fcretici Hakk\u0131m\u0131zda Safa Shir Pars Sanayi \u015eirketi, 1993 y\u0131l\u0131nda\u00a0RIAZAT \u00dcretim ve Sanayi At\u00f6lyesi\u00a0ad\u0131yla kurulmu\u015ftur. 30 metrekarelik m\u00fctevaz\u0131 bir at\u00f6lyede ba\u015flayan yolculu\u011fumuz, ocak br\u00fcl\u00f6rleri \u00fcretimiyle sekt\u00f6re ad\u0131m atm\u0131\u015ft\u0131r. 2000 y\u0131l\u0131nda, \u00fcretim kapasitemizi art\u0131rarak 1.200 metrekarelik yeni tesisimize ta\u015f\u0131nd\u0131k ve [&hellip;]<\/p>\n","protected":false},"author":1,"featured_media":0,"parent":0,"menu_order":0,"comment_status":"closed","ping_status":"closed","template":"","meta":{"footnotes":""},"class_list":["post-78","page","type-page","status-publish","hentry"],"_links":{"self":[{"href":"https:\/\/safashir.ir\/tr\/index.php\/wp-json\/wp\/v2\/pages\/78","targetHints":{"allow":["GET"]}}],"collection":[{"href":"https:\/\/safashir.ir\/tr\/index.php\/wp-json\/wp\/v2\/pages"}],"about":[{"href":"https:\/\/safashir.ir\/tr\/index.php\/wp-json\/wp\/v2\/types\/page"}],"author":[{"embeddable":true,"href":"https:\/\/safashir.ir\/tr\/index.php\/wp-json\/wp\/v2\/users\/1"}],"replies":[{"embeddable":true,"href":"https:\/\/safashir.ir\/tr\/index.php\/wp-json\/wp\/v2\/comments?post=78"}],"version-history":[{"count":0,"href":"https:\/\/safashir.ir\/tr\/index.php\/wp-json\/wp\/v2\/pages\/78\/revisions"}],"wp:attachment":[{"href":"https:\/\/safashir.ir\/tr\/index.php\/wp-json\/wp\/v2\/media?parent=78"}],"curies":[{"name":"wp","href":"https:\/\/api.w.org\/{rel}","templated":true}]}}