{"id":74,"date":"2025-09-29T05:59:05","date_gmt":"2025-09-29T05:59:05","guid":{"rendered":"https:\/\/safashir.ir\/en\/?page_id=74"},"modified":"2025-12-31T05:13:13","modified_gmt":"2025-12-31T05:13:13","slug":"multi-step","status":"publish","type":"page","link":"https:\/\/safashir.ir\/tr\/index.php\/multi-step\/","title":{"rendered":"MULTI STEP"},"content":{"rendered":"\t\t<div data-elementor-type=\"wp-page\" data-elementor-id=\"74\" class=\"elementor elementor-74\" data-elementor-post-type=\"page\">\n\t\t\t\t<div class=\"elementor-element elementor-element-586c176 e-con-full e-flex e-con e-parent\" data-id=\"586c176\" data-element_type=\"container\">\n\t\t<div class=\"elementor-element elementor-element-4cc3c56 e-con-full e-flex e-con e-child\" data-id=\"4cc3c56\" data-element_type=\"container\" data-settings=\"{&quot;background_background&quot;:&quot;classic&quot;}\">\n\t\t\t\t<div class=\"elementor-element elementor-element-e307b3e elementor-widget elementor-widget-sina_title\" data-id=\"e307b3e\" data-element_type=\"widget\" data-widget_type=\"sina_title.default\">\n\t\t\t\t<div class=\"elementor-widget-container\">\n\t\t\t\t\t\t\t<div class=\"sina-title\">\r\n\t\t\t\r\n\t\t\t\t\t\t\t<h2 class=\"sina-title-title\">MODEL:<span>MULTI STEP<\/span><\/h2>\t\t\t\r\n\t\t\t\r\n\t\t\t\r\n\t\t\t\t\t<\/div><!-- .sina-title -->\r\n\t\t\t\t\t\t<\/div>\n\t\t\t\t<\/div>\n\t\t\t\t<\/div>\n\t\t<div class=\"elementor-element elementor-element-1bfe3d6 e-flex e-con-boxed e-con e-child\" data-id=\"1bfe3d6\" data-element_type=\"container\">\n\t\t\t\t\t<div class=\"e-con-inner\">\n\t\t<div class=\"elementor-element elementor-element-3c73fd8 e-con-full e-flex e-con e-child\" data-id=\"3c73fd8\" data-element_type=\"container\" data-settings=\"{&quot;background_background&quot;:&quot;gradient&quot;}\">\n\t\t\t\t<div class=\"elementor-element elementor-element-d897b5f elementor-widget elementor-widget-image\" data-id=\"d897b5f\" data-element_type=\"widget\" data-widget_type=\"image.default\">\n\t\t\t\t\t\t\t\t\t\t\t\t\t\t\t<img fetchpriority=\"high\" decoding=\"async\" width=\"800\" height=\"802\" src=\"https:\/\/safashir.ir\/tr\/wp-content\/uploads\/2025\/12\/E90-02-1022x1024.png\" class=\"attachment-large size-large wp-image-732\" alt=\"\" srcset=\"https:\/\/safashir.ir\/tr\/wp-content\/uploads\/2025\/12\/E90-02-1022x1024.png 1022w, https:\/\/safashir.ir\/tr\/wp-content\/uploads\/2025\/12\/E90-02-300x300.png 300w, https:\/\/safashir.ir\/tr\/wp-content\/uploads\/2025\/12\/E90-02-150x150.png 150w, https:\/\/safashir.ir\/tr\/wp-content\/uploads\/2025\/12\/E90-02-768x769.png 768w, https:\/\/safashir.ir\/tr\/wp-content\/uploads\/2025\/12\/E90-02.png 1361w\" sizes=\"(max-width: 800px) 100vw, 800px\" \/>\t\t\t\t\t\t\t\t\t\t\t\t\t\t\t<\/div>\n\t\t\t\t<\/div>\n\t\t<div class=\"elementor-element elementor-element-10c469e e-con-full e-flex e-con e-child\" data-id=\"10c469e\" data-element_type=\"container\" data-settings=\"{&quot;background_background&quot;:&quot;gradient&quot;,&quot;background_motion_fx_motion_fx_mouse&quot;:&quot;yes&quot;}\">\n\t\t\t\t<div class=\"elementor-element elementor-element-beca0ee elementor-widget__width-initial elementor-widget elementor-widget-image\" data-id=\"beca0ee\" data-element_type=\"widget\" data-widget_type=\"image.default\">\n\t\t\t\t\t\t\t\t\t\t\t\t\t\t\t<img decoding=\"async\" width=\"300\" height=\"300\" src=\"https:\/\/safashir.ir\/tr\/wp-content\/uploads\/2025\/11\/e90-al-multi-step.png\" class=\"attachment-large size-large wp-image-525\" alt=\"\" srcset=\"https:\/\/safashir.ir\/tr\/wp-content\/uploads\/2025\/11\/e90-al-multi-step.png 300w, https:\/\/safashir.ir\/tr\/wp-content\/uploads\/2025\/11\/e90-al-multi-step-150x150.png 150w\" sizes=\"(max-width: 300px) 100vw, 300px\" \/>\t\t\t\t\t\t\t\t\t\t\t\t\t\t\t<\/div>\n\t\t\t\t<\/div>\n\t\t\t\t\t<\/div>\n\t\t\t\t<\/div>\n\t\t<div class=\"elementor-element elementor-element-6be31f8 elementor-hidden-tablet elementor-hidden-mobile e-flex e-con-boxed e-con e-child\" data-id=\"6be31f8\" data-element_type=\"container\" data-settings=\"{&quot;background_background&quot;:&quot;classic&quot;}\">\n\t\t\t\t\t<div class=\"e-con-inner\">\n\t\t\t\t<div class=\"elementor-element elementor-element-74167b4 elementor-widget__width-initial elementor-widget elementor-widget-image\" data-id=\"74167b4\" data-element_type=\"widget\" data-widget_type=\"image.default\">\n\t\t\t\t\t\t\t\t\t\t\t\t\t\t\t<img decoding=\"async\" width=\"800\" height=\"77\" src=\"https:\/\/safashir.ir\/tr\/wp-content\/uploads\/2025\/12\/qqqqqwwwwwwwwwwwwwwwweeeeeeeeeeeeeeeeeeeeeeeeeeeeee-1-1024x99.png\" class=\"attachment-large size-large wp-image-581\" alt=\"\" srcset=\"https:\/\/safashir.ir\/tr\/wp-content\/uploads\/2025\/12\/qqqqqwwwwwwwwwwwwwwwweeeeeeeeeeeeeeeeeeeeeeeeeeeeee-1-1024x99.png 1024w, https:\/\/safashir.ir\/tr\/wp-content\/uploads\/2025\/12\/qqqqqwwwwwwwwwwwwwwwweeeeeeeeeeeeeeeeeeeeeeeeeeeeee-1-300x29.png 300w, https:\/\/safashir.ir\/tr\/wp-content\/uploads\/2025\/12\/qqqqqwwwwwwwwwwwwwwwweeeeeeeeeeeeeeeeeeeeeeeeeeeeee-1-768x75.png 768w, https:\/\/safashir.ir\/tr\/wp-content\/uploads\/2025\/12\/qqqqqwwwwwwwwwwwwwwwweeeeeeeeeeeeeeeeeeeeeeeeeeeeee-1.png 1237w\" sizes=\"(max-width: 800px) 100vw, 800px\" \/>\t\t\t\t\t\t\t\t\t\t\t\t\t\t\t<\/div>\n\t\t\t\t<div class=\"elementor-element elementor-element-783ac0c elementor-align-center elementor-widget__width-initial elementor-widget elementor-widget-button\" data-id=\"783ac0c\" data-element_type=\"widget\" data-widget_type=\"button.default\">\n\t\t\t\t\t\t\t\t\t\t<a class=\"elementor-button elementor-button-link elementor-size-sm\" href=\"https:\/\/safashir.ir\/lifetime-guarantee\/\">\n\t\t\t\t\t\t<span class=\"elementor-button-content-wrapper\">\n\t\t\t\t\t\t\t\t\t<span class=\"elementor-button-text\">\u00d6m\u00fcr Boyu Garanti<\/span>\n\t\t\t\t\t<\/span>\n\t\t\t\t\t<\/a>\n\t\t\t\t\t\t\t\t<\/div>\n\t\t\t\t<div class=\"elementor-element elementor-element-d185efb elementor-widget__width-initial elementor-widget elementor-widget-text-editor\" data-id=\"d185efb\" data-element_type=\"widget\" data-widget_type=\"text-editor.default\">\n\t\t\t\t\t\t\t\t\t<p>\u00dcr\u00fcn garanti \u015fartlar\u0131n\u0131 g\u00f6rmek i\u00e7in t\u0131klay\u0131n<\/p>\t\t\t\t\t\t\t\t<\/div>\n\t\t\t\t<div class=\"elementor-element elementor-element-901e587 elementor-widget__width-initial elementor-widget elementor-widget-heading\" data-id=\"901e587\" data-element_type=\"widget\" data-widget_type=\"heading.default\">\n\t\t\t\t\t<h2 class=\"elementor-heading-title elementor-size-default\">\u00d6m\u00fcr Boyu Garanti<\/h2>\t\t\t\t<\/div>\n\t\t\t\t\t<\/div>\n\t\t\t\t<\/div>\n\t\t\t\t<div class=\"elementor-element elementor-element-8485258 elementor-hidden-tablet elementor-hidden-mobile elementor-widget elementor-widget-heading\" data-id=\"8485258\" data-element_type=\"widget\" data-widget_type=\"heading.default\">\n\t\t\t\t\t<h2 class=\"elementor-heading-title elementor-size-default\">Benzer \u00fcr\u00fcnler<\/h2>\t\t\t\t<\/div>\n\t\t<div class=\"elementor-element elementor-element-99a7271 elementor-hidden-tablet elementor-hidden-mobile e-flex e-con-boxed e-con e-child\" data-id=\"99a7271\" data-element_type=\"container\" data-settings=\"{&quot;background_background&quot;:&quot;gradient&quot;,&quot;shape_divider_top&quot;:&quot;curve&quot;,&quot;shape_divider_bottom&quot;:&quot;curve&quot;,&quot;shape_divider_bottom_negative&quot;:&quot;yes&quot;}\">\n\t\t\t\t\t<div class=\"e-con-inner\">\n\t\t\t\t<div class=\"elementor-shape elementor-shape-top\" aria-hidden=\"true\" data-negative=\"false\">\n\t\t\t<svg xmlns=\"http:\/\/www.w3.org\/2000\/svg\" viewBox=\"0 0 1000 100\" preserveAspectRatio=\"none\">\n    <path class=\"elementor-shape-fill\" d=\"M1000,4.3V0H0v4.3C0.9,23.1,126.7,99.2,500,100S1000,22.7,1000,4.3z\"\/>\n<\/svg>\t\t<\/div>\n\t\t\t\t<div class=\"elementor-shape elementor-shape-bottom\" aria-hidden=\"true\" data-negative=\"true\">\n\t\t\t<svg xmlns=\"http:\/\/www.w3.org\/2000\/svg\" viewBox=\"0 0 1000 100\" preserveAspectRatio=\"none\">\n\t<path class=\"elementor-shape-fill\" d=\"M500,97C126.7,96.3,0.8,19.8,0,0v100l1000,0V1C1000,19.4,873.3,97.8,500,97z\"\/>\n<\/svg>\t\t<\/div>\n\t\t<div class=\"elementor-element elementor-element-886d032 e-con-full e-flex e-con e-child\" data-id=\"886d032\" data-element_type=\"container\" data-settings=\"{&quot;background_background&quot;:&quot;gradient&quot;}\">\n\t\t\t\t<div class=\"elementor-element elementor-element-64f22ee elementor-widget elementor-widget-image\" data-id=\"64f22ee\" data-element_type=\"widget\" data-widget_type=\"image.default\">\n\t\t\t\t\t\t\t\t\t\t\t\t\t\t\t\t<a href=\"https:\/\/safashir.ir\/tr\/index.php\/ng-series\/\">\n\t\t\t\t\t\t\t<img loading=\"lazy\" decoding=\"async\" width=\"300\" height=\"300\" src=\"https:\/\/safashir.ir\/tr\/wp-content\/uploads\/2025\/11\/T45-AL.png\" class=\"elementor-animation-grow attachment-large size-large wp-image-490\" alt=\"\" srcset=\"https:\/\/safashir.ir\/tr\/wp-content\/uploads\/2025\/11\/T45-AL.png 300w, https:\/\/safashir.ir\/tr\/wp-content\/uploads\/2025\/11\/T45-AL-150x150.png 150w\" sizes=\"(max-width: 300px) 100vw, 300px\" \/>\t\t\t\t\t\t\t\t<\/a>\n\t\t\t\t\t\t\t\t\t\t\t\t\t\t\t<\/div>\n\t\t\t\t<\/div>\n\t\t<div class=\"elementor-element elementor-element-8efb76c e-con-full e-flex e-con e-child\" data-id=\"8efb76c\" data-element_type=\"container\" data-settings=\"{&quot;background_background&quot;:&quot;gradient&quot;}\">\n\t\t\t\t<div class=\"elementor-element elementor-element-971b2ef elementor-widget elementor-widget-image\" data-id=\"971b2ef\" data-element_type=\"widget\" data-widget_type=\"image.default\">\n\t\t\t\t\t\t\t\t\t\t\t\t\t\t\t\t<a href=\"https:\/\/safashir.ir\/tr\/index.php\/n-series\/\">\n\t\t\t\t\t\t\t<img loading=\"lazy\" decoding=\"async\" width=\"300\" height=\"300\" src=\"https:\/\/safashir.ir\/tr\/wp-content\/uploads\/2025\/11\/e90-al-210.png\" class=\"elementor-animation-grow attachment-large size-large wp-image-523\" alt=\"\" srcset=\"https:\/\/safashir.ir\/tr\/wp-content\/uploads\/2025\/11\/e90-al-210.png 300w, https:\/\/safashir.ir\/tr\/wp-content\/uploads\/2025\/11\/e90-al-210-150x150.png 150w\" sizes=\"(max-width: 300px) 100vw, 300px\" \/>\t\t\t\t\t\t\t\t<\/a>\n\t\t\t\t\t\t\t\t\t\t\t\t\t\t\t<\/div>\n\t\t\t\t<\/div>\n\t\t<div class=\"elementor-element elementor-element-16d6efb e-con-full e-flex e-con e-child\" data-id=\"16d6efb\" data-element_type=\"container\" data-settings=\"{&quot;background_background&quot;:&quot;gradient&quot;}\">\n\t\t\t\t<div class=\"elementor-element elementor-element-25d1739 elementor-widget elementor-widget-image\" data-id=\"25d1739\" data-element_type=\"widget\" data-widget_type=\"image.default\">\n\t\t\t\t\t\t\t\t\t\t\t\t\t\t\t\t<a href=\"https:\/\/safashir.ir\/tr\/index.php\/ae-series\/\">\n\t\t\t\t\t\t\t<img loading=\"lazy\" decoding=\"async\" width=\"300\" height=\"300\" src=\"https:\/\/safashir.ir\/tr\/wp-content\/uploads\/2025\/11\/e90-al-DUAL.png\" class=\"elementor-animation-grow attachment-large size-large wp-image-524\" alt=\"\" srcset=\"https:\/\/safashir.ir\/tr\/wp-content\/uploads\/2025\/11\/e90-al-DUAL.png 300w, https:\/\/safashir.ir\/tr\/wp-content\/uploads\/2025\/11\/e90-al-DUAL-150x150.png 150w\" sizes=\"(max-width: 300px) 100vw, 300px\" \/>\t\t\t\t\t\t\t\t<\/a>\n\t\t\t\t\t\t\t\t\t\t\t\t\t\t\t<\/div>\n\t\t\t\t<\/div>\n\t\t\t\t\t<\/div>\n\t\t\t\t<\/div>\n\t\t<div class=\"elementor-element elementor-element-4a9708f elementor-hidden-desktop elementor-hidden-tablet e-flex e-con-boxed e-con e-child\" data-id=\"4a9708f\" data-element_type=\"container\" data-settings=\"{&quot;background_background&quot;:&quot;classic&quot;}\">\n\t\t\t\t\t<div class=\"e-con-inner\">\n\t\t\t\t<div class=\"elementor-element elementor-element-7bb3cc2 elementor-widget__width-initial elementor-widget elementor-widget-image\" data-id=\"7bb3cc2\" data-element_type=\"widget\" data-widget_type=\"image.default\">\n\t\t\t\t\t\t\t\t\t\t\t\t\t\t\t<img decoding=\"async\" width=\"800\" height=\"77\" src=\"https:\/\/safashir.ir\/tr\/wp-content\/uploads\/2025\/12\/qqqqqwwwwwwwwwwwwwwwweeeeeeeeeeeeeeeeeeeeeeeeeeeeee-1-1024x99.png\" class=\"attachment-large size-large wp-image-581\" alt=\"\" srcset=\"https:\/\/safashir.ir\/tr\/wp-content\/uploads\/2025\/12\/qqqqqwwwwwwwwwwwwwwwweeeeeeeeeeeeeeeeeeeeeeeeeeeeee-1-1024x99.png 1024w, https:\/\/safashir.ir\/tr\/wp-content\/uploads\/2025\/12\/qqqqqwwwwwwwwwwwwwwwweeeeeeeeeeeeeeeeeeeeeeeeeeeeee-1-300x29.png 300w, https:\/\/safashir.ir\/tr\/wp-content\/uploads\/2025\/12\/qqqqqwwwwwwwwwwwwwwwweeeeeeeeeeeeeeeeeeeeeeeeeeeeee-1-768x75.png 768w, https:\/\/safashir.ir\/tr\/wp-content\/uploads\/2025\/12\/qqqqqwwwwwwwwwwwwwwwweeeeeeeeeeeeeeeeeeeeeeeeeeeeee-1.png 1237w\" sizes=\"(max-width: 800px) 100vw, 800px\" \/>\t\t\t\t\t\t\t\t\t\t\t\t\t\t\t<\/div>\n\t\t\t\t<div class=\"elementor-element elementor-element-c62dbde elementor-widget__width-initial elementor-widget elementor-widget-heading\" data-id=\"c62dbde\" data-element_type=\"widget\" data-widget_type=\"heading.default\">\n\t\t\t\t\t<h2 class=\"elementor-heading-title elementor-size-default\">LIFETIME GUARANTEE<\/h2>\t\t\t\t<\/div>\n\t\t\t\t\t<\/div>\n\t\t\t\t<\/div>\n\t\t\t\t<\/div>\n\t\t\t\t<\/div>\n\t\t","protected":false},"excerpt":{"rendered":"<p>MODEL:MULTI STEP \u00d6m\u00fcr Boyu Garanti \u00dcr\u00fcn garanti \u015fartlar\u0131n\u0131 g\u00f6rmek i\u00e7in t\u0131klay\u0131n \u00d6m\u00fcr Boyu Garanti Benzer \u00fcr\u00fcnler LIFETIME GUARANTEE<\/p>\n","protected":false},"author":1,"featured_media":0,"parent":0,"menu_order":0,"comment_status":"closed","ping_status":"closed","template":"","meta":{"footnotes":""},"class_list":["post-74","page","type-page","status-publish","hentry"],"_links":{"self":[{"href":"https:\/\/safashir.ir\/tr\/index.php\/wp-json\/wp\/v2\/pages\/74","targetHints":{"allow":["GET"]}}],"collection":[{"href":"https:\/\/safashir.ir\/tr\/index.php\/wp-json\/wp\/v2\/pages"}],"about":[{"href":"https:\/\/safashir.ir\/tr\/index.php\/wp-json\/wp\/v2\/types\/page"}],"author":[{"embeddable":true,"href":"https:\/\/safashir.ir\/tr\/index.php\/wp-json\/wp\/v2\/users\/1"}],"replies":[{"embeddable":true,"href":"https:\/\/safashir.ir\/tr\/index.php\/wp-json\/wp\/v2\/comments?post=74"}],"version-history":[{"count":3,"href":"https:\/\/safashir.ir\/tr\/index.php\/wp-json\/wp\/v2\/pages\/74\/revisions"}],"predecessor-version":[{"id":742,"href":"https:\/\/safashir.ir\/tr\/index.php\/wp-json\/wp\/v2\/pages\/74\/revisions\/742"}],"wp:attachment":[{"href":"https:\/\/safashir.ir\/tr\/index.php\/wp-json\/wp\/v2\/media?parent=74"}],"curies":[{"name":"wp","href":"https:\/\/api.w.org\/{rel}","templated":true}]}}