{"id":66,"date":"2025-09-29T05:56:25","date_gmt":"2025-09-29T05:56:25","guid":{"rendered":"https:\/\/safashir.ir\/en\/?page_id=66"},"modified":"2025-12-31T05:21:38","modified_gmt":"2025-12-31T05:21:38","slug":"al-horizontal-right-bypass","status":"publish","type":"page","link":"https:\/\/safashir.ir\/tr\/index.php\/al-horizontal-right-bypass\/","title":{"rendered":"Al\u00fcminyum Yatay Sa\u011f Bypass"},"content":{"rendered":"\t\t<div data-elementor-type=\"wp-page\" data-elementor-id=\"66\" class=\"elementor elementor-66\" data-elementor-post-type=\"page\">\n\t\t\t\t<div class=\"elementor-element elementor-element-8cbee97 e-con-full e-flex e-con e-parent\" data-id=\"8cbee97\" data-element_type=\"container\">\n\t\t<div class=\"elementor-element elementor-element-5ff2b71 e-con-full e-flex e-con e-child\" data-id=\"5ff2b71\" data-element_type=\"container\" data-settings=\"{&quot;background_background&quot;:&quot;classic&quot;}\">\n\t\t\t\t<div class=\"elementor-element elementor-element-d96dc81 elementor-widget elementor-widget-sina_title\" data-id=\"d96dc81\" data-element_type=\"widget\" data-widget_type=\"sina_title.default\">\n\t\t\t\t<div class=\"elementor-widget-container\">\n\t\t\t\t\t\t\t<div class=\"sina-title\">\r\n\t\t\t\r\n\t\t\t\t\t\t\t<h2 class=\"sina-title-title\">MODEL:<span>Sa\u011f \u00e7\u0131k\u0131\u015fl\u0131 yatay al\u00fcminyum vana<\/span><\/h2>\t\t\t\r\n\t\t\t\r\n\t\t\t\r\n\t\t\t\t\t<\/div><!-- .sina-title -->\r\n\t\t\t\t\t\t<\/div>\n\t\t\t\t<\/div>\n\t\t\t\t<\/div>\n\t\t<div class=\"elementor-element elementor-element-1c2ed13 e-flex e-con-boxed e-con e-child\" data-id=\"1c2ed13\" data-element_type=\"container\">\n\t\t\t\t\t<div class=\"e-con-inner\">\n\t\t<div class=\"elementor-element elementor-element-a50492c e-con-full e-flex e-con e-child\" data-id=\"a50492c\" data-element_type=\"container\" data-settings=\"{&quot;background_background&quot;:&quot;gradient&quot;}\">\n\t\t\t\t<div class=\"elementor-element elementor-element-04181b7 elementor-widget elementor-widget-image\" data-id=\"04181b7\" data-element_type=\"widget\" data-widget_type=\"image.default\">\n\t\t\t\t\t\t\t\t\t\t\t\t\t\t\t<img fetchpriority=\"high\" decoding=\"async\" width=\"800\" height=\"509\" src=\"https:\/\/safashir.ir\/tr\/wp-content\/uploads\/2025\/12\/t45-Right-1024x651.png\" class=\"attachment-large size-large wp-image-744\" alt=\"\" srcset=\"https:\/\/safashir.ir\/tr\/wp-content\/uploads\/2025\/12\/t45-Right-1024x651.png 1024w, https:\/\/safashir.ir\/tr\/wp-content\/uploads\/2025\/12\/t45-Right-300x191.png 300w, https:\/\/safashir.ir\/tr\/wp-content\/uploads\/2025\/12\/t45-Right-768x488.png 768w, https:\/\/safashir.ir\/tr\/wp-content\/uploads\/2025\/12\/t45-Right-1536x976.png 1536w, https:\/\/safashir.ir\/tr\/wp-content\/uploads\/2025\/12\/t45-Right-2048x1302.png 2048w\" sizes=\"(max-width: 800px) 100vw, 800px\" \/>\t\t\t\t\t\t\t\t\t\t\t\t\t\t\t<\/div>\n\t\t\t\t<\/div>\n\t\t<div class=\"elementor-element elementor-element-863d7a4 e-con-full e-flex e-con e-child\" data-id=\"863d7a4\" data-element_type=\"container\" data-settings=\"{&quot;background_background&quot;:&quot;gradient&quot;,&quot;background_motion_fx_motion_fx_mouse&quot;:&quot;yes&quot;}\">\n\t\t\t\t<div class=\"elementor-element elementor-element-665d29c elementor-widget__width-initial elementor-widget elementor-widget-image\" data-id=\"665d29c\" data-element_type=\"widget\" data-widget_type=\"image.default\">\n\t\t\t\t\t\t\t\t\t\t\t\t\t\t\t<img decoding=\"async\" width=\"300\" height=\"300\" src=\"https:\/\/safashir.ir\/tr\/wp-content\/uploads\/2025\/11\/T45-AL.png\" class=\"attachment-large size-large wp-image-490\" alt=\"\" srcset=\"https:\/\/safashir.ir\/tr\/wp-content\/uploads\/2025\/11\/T45-AL.png 300w, https:\/\/safashir.ir\/tr\/wp-content\/uploads\/2025\/11\/T45-AL-150x150.png 150w\" sizes=\"(max-width: 300px) 100vw, 300px\" \/>\t\t\t\t\t\t\t\t\t\t\t\t\t\t\t<\/div>\n\t\t\t\t<\/div>\n\t\t\t\t\t<\/div>\n\t\t\t\t<\/div>\n\t\t<div class=\"elementor-element elementor-element-17c9c7e elementor-hidden-tablet elementor-hidden-mobile e-flex e-con-boxed e-con e-child\" data-id=\"17c9c7e\" data-element_type=\"container\" data-settings=\"{&quot;background_background&quot;:&quot;classic&quot;}\">\n\t\t\t\t\t<div class=\"e-con-inner\">\n\t\t\t\t<div class=\"elementor-element elementor-element-bbf0799 elementor-widget__width-initial elementor-widget elementor-widget-image\" data-id=\"bbf0799\" data-element_type=\"widget\" data-widget_type=\"image.default\">\n\t\t\t\t\t\t\t\t\t\t\t\t\t\t\t<img decoding=\"async\" width=\"800\" height=\"77\" src=\"https:\/\/safashir.ir\/tr\/wp-content\/uploads\/2025\/12\/qqqqqwwwwwwwwwwwwwwwweeeeeeeeeeeeeeeeeeeeeeeeeeeeee-1-1024x99.png\" class=\"attachment-large size-large wp-image-581\" alt=\"\" srcset=\"https:\/\/safashir.ir\/tr\/wp-content\/uploads\/2025\/12\/qqqqqwwwwwwwwwwwwwwwweeeeeeeeeeeeeeeeeeeeeeeeeeeeee-1-1024x99.png 1024w, https:\/\/safashir.ir\/tr\/wp-content\/uploads\/2025\/12\/qqqqqwwwwwwwwwwwwwwwweeeeeeeeeeeeeeeeeeeeeeeeeeeeee-1-300x29.png 300w, https:\/\/safashir.ir\/tr\/wp-content\/uploads\/2025\/12\/qqqqqwwwwwwwwwwwwwwwweeeeeeeeeeeeeeeeeeeeeeeeeeeeee-1-768x75.png 768w, https:\/\/safashir.ir\/tr\/wp-content\/uploads\/2025\/12\/qqqqqwwwwwwwwwwwwwwwweeeeeeeeeeeeeeeeeeeeeeeeeeeeee-1.png 1237w\" sizes=\"(max-width: 800px) 100vw, 800px\" \/>\t\t\t\t\t\t\t\t\t\t\t\t\t\t\t<\/div>\n\t\t\t\t<div class=\"elementor-element elementor-element-bda37e2 elementor-align-center elementor-widget__width-initial elementor-widget elementor-widget-button\" data-id=\"bda37e2\" data-element_type=\"widget\" data-widget_type=\"button.default\">\n\t\t\t\t\t\t\t\t\t\t<a class=\"elementor-button elementor-button-link elementor-size-sm\" href=\"https:\/\/safashir.ir\/lifetime-guarantee\/\">\n\t\t\t\t\t\t<span class=\"elementor-button-content-wrapper\">\n\t\t\t\t\t\t\t\t\t<span class=\"elementor-button-text\">\u00d6m\u00fcr Boyu Garanti<\/span>\n\t\t\t\t\t<\/span>\n\t\t\t\t\t<\/a>\n\t\t\t\t\t\t\t\t<\/div>\n\t\t\t\t<div class=\"elementor-element elementor-element-151fbe2 elementor-widget__width-initial elementor-widget elementor-widget-text-editor\" data-id=\"151fbe2\" data-element_type=\"widget\" data-widget_type=\"text-editor.default\">\n\t\t\t\t\t\t\t\t\t<p>\u00dcr\u00fcn garanti \u015fartlar\u0131n\u0131 g\u00f6rmek i\u00e7in t\u0131klay\u0131n<\/p>\t\t\t\t\t\t\t\t<\/div>\n\t\t\t\t<div class=\"elementor-element elementor-element-cf22d8c elementor-widget__width-initial elementor-widget elementor-widget-heading\" data-id=\"cf22d8c\" data-element_type=\"widget\" data-widget_type=\"heading.default\">\n\t\t\t\t\t<h2 class=\"elementor-heading-title elementor-size-default\">\u00d6m\u00fcr Boyu Garanti<\/h2>\t\t\t\t<\/div>\n\t\t\t\t\t<\/div>\n\t\t\t\t<\/div>\n\t\t\t\t<div class=\"elementor-element elementor-element-2aa4d7e elementor-hidden-tablet elementor-hidden-mobile elementor-widget elementor-widget-heading\" data-id=\"2aa4d7e\" data-element_type=\"widget\" data-widget_type=\"heading.default\">\n\t\t\t\t\t<h2 class=\"elementor-heading-title elementor-size-default\">Benzer \u00fcr\u00fcnler<\/h2>\t\t\t\t<\/div>\n\t\t<div class=\"elementor-element elementor-element-c166ce4 elementor-hidden-tablet elementor-hidden-mobile e-flex e-con-boxed e-con e-child\" data-id=\"c166ce4\" data-element_type=\"container\" data-settings=\"{&quot;background_background&quot;:&quot;gradient&quot;,&quot;shape_divider_top&quot;:&quot;curve&quot;,&quot;shape_divider_bottom&quot;:&quot;curve&quot;,&quot;shape_divider_bottom_negative&quot;:&quot;yes&quot;}\">\n\t\t\t\t\t<div class=\"e-con-inner\">\n\t\t\t\t<div class=\"elementor-shape elementor-shape-top\" aria-hidden=\"true\" data-negative=\"false\">\n\t\t\t<svg xmlns=\"http:\/\/www.w3.org\/2000\/svg\" viewBox=\"0 0 1000 100\" preserveAspectRatio=\"none\">\n    <path class=\"elementor-shape-fill\" d=\"M1000,4.3V0H0v4.3C0.9,23.1,126.7,99.2,500,100S1000,22.7,1000,4.3z\"\/>\n<\/svg>\t\t<\/div>\n\t\t\t\t<div class=\"elementor-shape elementor-shape-bottom\" aria-hidden=\"true\" data-negative=\"true\">\n\t\t\t<svg xmlns=\"http:\/\/www.w3.org\/2000\/svg\" viewBox=\"0 0 1000 100\" preserveAspectRatio=\"none\">\n\t<path class=\"elementor-shape-fill\" d=\"M500,97C126.7,96.3,0.8,19.8,0,0v100l1000,0V1C1000,19.4,873.3,97.8,500,97z\"\/>\n<\/svg>\t\t<\/div>\n\t\t<div class=\"elementor-element elementor-element-c5fb845 e-con-full e-flex e-con e-child\" data-id=\"c5fb845\" data-element_type=\"container\" data-settings=\"{&quot;background_background&quot;:&quot;gradient&quot;}\">\n\t\t\t\t<div class=\"elementor-element elementor-element-fcb9b9f elementor-widget elementor-widget-image\" data-id=\"fcb9b9f\" data-element_type=\"widget\" data-widget_type=\"image.default\">\n\t\t\t\t\t\t\t\t\t\t\t\t\t\t\t\t<a href=\"https:\/\/safashir.ir\/tr\/index.php\/ng-series\/\">\n\t\t\t\t\t\t\t<img loading=\"lazy\" decoding=\"async\" width=\"300\" height=\"300\" src=\"https:\/\/safashir.ir\/tr\/wp-content\/uploads\/2025\/11\/T45-AL.png\" class=\"elementor-animation-grow attachment-large size-large wp-image-490\" alt=\"\" srcset=\"https:\/\/safashir.ir\/tr\/wp-content\/uploads\/2025\/11\/T45-AL.png 300w, https:\/\/safashir.ir\/tr\/wp-content\/uploads\/2025\/11\/T45-AL-150x150.png 150w\" sizes=\"(max-width: 300px) 100vw, 300px\" \/>\t\t\t\t\t\t\t\t<\/a>\n\t\t\t\t\t\t\t\t\t\t\t\t\t\t\t<\/div>\n\t\t\t\t<\/div>\n\t\t<div class=\"elementor-element elementor-element-a03bc33 e-con-full e-flex e-con e-child\" data-id=\"a03bc33\" data-element_type=\"container\" data-settings=\"{&quot;background_background&quot;:&quot;gradient&quot;}\">\n\t\t\t\t<div class=\"elementor-element elementor-element-84d915b elementor-widget elementor-widget-image\" data-id=\"84d915b\" data-element_type=\"widget\" data-widget_type=\"image.default\">\n\t\t\t\t\t\t\t\t\t\t\t\t\t\t\t\t<a href=\"https:\/\/safashir.ir\/tr\/index.php\/n-series\/\">\n\t\t\t\t\t\t\t<img loading=\"lazy\" decoding=\"async\" width=\"300\" height=\"300\" src=\"https:\/\/safashir.ir\/tr\/wp-content\/uploads\/2025\/11\/e90-al-210.png\" class=\"elementor-animation-grow attachment-large size-large wp-image-523\" alt=\"\" srcset=\"https:\/\/safashir.ir\/tr\/wp-content\/uploads\/2025\/11\/e90-al-210.png 300w, https:\/\/safashir.ir\/tr\/wp-content\/uploads\/2025\/11\/e90-al-210-150x150.png 150w\" sizes=\"(max-width: 300px) 100vw, 300px\" \/>\t\t\t\t\t\t\t\t<\/a>\n\t\t\t\t\t\t\t\t\t\t\t\t\t\t\t<\/div>\n\t\t\t\t<\/div>\n\t\t<div class=\"elementor-element elementor-element-d923f1f e-con-full e-flex e-con e-child\" data-id=\"d923f1f\" data-element_type=\"container\" data-settings=\"{&quot;background_background&quot;:&quot;gradient&quot;}\">\n\t\t\t\t<div class=\"elementor-element elementor-element-1839608 elementor-widget elementor-widget-image\" data-id=\"1839608\" data-element_type=\"widget\" data-widget_type=\"image.default\">\n\t\t\t\t\t\t\t\t\t\t\t\t\t\t\t\t<a href=\"https:\/\/safashir.ir\/tr\/index.php\/ae-series\/\">\n\t\t\t\t\t\t\t<img loading=\"lazy\" decoding=\"async\" width=\"300\" height=\"300\" src=\"https:\/\/safashir.ir\/tr\/wp-content\/uploads\/2025\/11\/e90-al-DUAL.png\" class=\"elementor-animation-grow attachment-large size-large wp-image-524\" alt=\"\" srcset=\"https:\/\/safashir.ir\/tr\/wp-content\/uploads\/2025\/11\/e90-al-DUAL.png 300w, https:\/\/safashir.ir\/tr\/wp-content\/uploads\/2025\/11\/e90-al-DUAL-150x150.png 150w\" sizes=\"(max-width: 300px) 100vw, 300px\" \/>\t\t\t\t\t\t\t\t<\/a>\n\t\t\t\t\t\t\t\t\t\t\t\t\t\t\t<\/div>\n\t\t\t\t<\/div>\n\t\t\t\t\t<\/div>\n\t\t\t\t<\/div>\n\t\t<div class=\"elementor-element elementor-element-0c5ff0c elementor-hidden-desktop elementor-hidden-tablet e-flex e-con-boxed e-con e-child\" data-id=\"0c5ff0c\" data-element_type=\"container\" data-settings=\"{&quot;background_background&quot;:&quot;classic&quot;}\">\n\t\t\t\t\t<div class=\"e-con-inner\">\n\t\t\t\t<div class=\"elementor-element elementor-element-78520db elementor-widget__width-initial elementor-widget elementor-widget-image\" data-id=\"78520db\" data-element_type=\"widget\" data-widget_type=\"image.default\">\n\t\t\t\t\t\t\t\t\t\t\t\t\t\t\t<img decoding=\"async\" width=\"800\" height=\"77\" src=\"https:\/\/safashir.ir\/tr\/wp-content\/uploads\/2025\/12\/qqqqqwwwwwwwwwwwwwwwweeeeeeeeeeeeeeeeeeeeeeeeeeeeee-1-1024x99.png\" class=\"attachment-large size-large wp-image-581\" alt=\"\" srcset=\"https:\/\/safashir.ir\/tr\/wp-content\/uploads\/2025\/12\/qqqqqwwwwwwwwwwwwwwwweeeeeeeeeeeeeeeeeeeeeeeeeeeeee-1-1024x99.png 1024w, https:\/\/safashir.ir\/tr\/wp-content\/uploads\/2025\/12\/qqqqqwwwwwwwwwwwwwwwweeeeeeeeeeeeeeeeeeeeeeeeeeeeee-1-300x29.png 300w, https:\/\/safashir.ir\/tr\/wp-content\/uploads\/2025\/12\/qqqqqwwwwwwwwwwwwwwwweeeeeeeeeeeeeeeeeeeeeeeeeeeeee-1-768x75.png 768w, https:\/\/safashir.ir\/tr\/wp-content\/uploads\/2025\/12\/qqqqqwwwwwwwwwwwwwwwweeeeeeeeeeeeeeeeeeeeeeeeeeeeee-1.png 1237w\" sizes=\"(max-width: 800px) 100vw, 800px\" \/>\t\t\t\t\t\t\t\t\t\t\t\t\t\t\t<\/div>\n\t\t\t\t<div class=\"elementor-element elementor-element-6ffe1c3 elementor-widget__width-initial elementor-widget elementor-widget-heading\" data-id=\"6ffe1c3\" data-element_type=\"widget\" data-widget_type=\"heading.default\">\n\t\t\t\t\t<h2 class=\"elementor-heading-title elementor-size-default\">LIFETIME GUARANTEE<\/h2>\t\t\t\t<\/div>\n\t\t\t\t\t<\/div>\n\t\t\t\t<\/div>\n\t\t\t\t<\/div>\n\t\t\t\t<\/div>\n\t\t","protected":false},"excerpt":{"rendered":"<p>MODEL:Sa\u011f \u00e7\u0131k\u0131\u015fl\u0131 yatay al\u00fcminyum vana \u00d6m\u00fcr Boyu Garanti \u00dcr\u00fcn garanti \u015fartlar\u0131n\u0131 g\u00f6rmek i\u00e7in t\u0131klay\u0131n \u00d6m\u00fcr Boyu Garanti Benzer \u00fcr\u00fcnler LIFETIME GUARANTEE<\/p>\n","protected":false},"author":1,"featured_media":0,"parent":0,"menu_order":0,"comment_status":"closed","ping_status":"closed","template":"","meta":{"footnotes":""},"class_list":["post-66","page","type-page","status-publish","hentry"],"_links":{"self":[{"href":"https:\/\/safashir.ir\/tr\/index.php\/wp-json\/wp\/v2\/pages\/66","targetHints":{"allow":["GET"]}}],"collection":[{"href":"https:\/\/safashir.ir\/tr\/index.php\/wp-json\/wp\/v2\/pages"}],"about":[{"href":"https:\/\/safashir.ir\/tr\/index.php\/wp-json\/wp\/v2\/types\/page"}],"author":[{"embeddable":true,"href":"https:\/\/safashir.ir\/tr\/index.php\/wp-json\/wp\/v2\/users\/1"}],"replies":[{"embeddable":true,"href":"https:\/\/safashir.ir\/tr\/index.php\/wp-json\/wp\/v2\/comments?post=66"}],"version-history":[{"count":4,"href":"https:\/\/safashir.ir\/tr\/index.php\/wp-json\/wp\/v2\/pages\/66\/revisions"}],"predecessor-version":[{"id":747,"href":"https:\/\/safashir.ir\/tr\/index.php\/wp-json\/wp\/v2\/pages\/66\/revisions\/747"}],"wp:attachment":[{"href":"https:\/\/safashir.ir\/tr\/index.php\/wp-json\/wp\/v2\/media?parent=66"}],"curies":[{"name":"wp","href":"https:\/\/api.w.org\/{rel}","templated":true}]}}