{"id":50,"date":"2025-09-29T05:53:40","date_gmt":"2025-09-29T05:53:40","guid":{"rendered":"https:\/\/safashir.ir\/en\/?page_id=50"},"modified":"2025-12-30T05:51:19","modified_gmt":"2025-12-30T05:51:19","slug":"d-series","status":"publish","type":"page","link":"https:\/\/safashir.ir\/tr\/index.php\/d-series\/","title":{"rendered":"D serisi"},"content":{"rendered":"\t\t<div data-elementor-type=\"wp-page\" data-elementor-id=\"50\" class=\"elementor elementor-50\" data-elementor-post-type=\"page\">\n\t\t\t\t<div class=\"elementor-element elementor-element-25a791b e-con-full e-flex e-con e-parent\" data-id=\"25a791b\" data-element_type=\"container\">\n\t\t<div class=\"elementor-element elementor-element-4fac069 e-con-full e-flex e-con e-child\" data-id=\"4fac069\" data-element_type=\"container\" data-settings=\"{&quot;background_background&quot;:&quot;classic&quot;}\">\n\t\t\t\t<div class=\"elementor-element elementor-element-3ae61ca elementor-widget elementor-widget-sina_title\" data-id=\"3ae61ca\" data-element_type=\"widget\" data-widget_type=\"sina_title.default\">\n\t\t\t\t<div class=\"elementor-widget-container\">\n\t\t\t\t\t\t\t<div class=\"sina-title\">\r\n\t\t\t\r\n\t\t\t\t\t\t\t<h2 class=\"sina-title-title\">MODEL:<span>D serisi<\/span><\/h2>\t\t\t\r\n\t\t\t\r\n\t\t\t\r\n\t\t\t\t\t<\/div><!-- .sina-title -->\r\n\t\t\t\t\t\t<\/div>\n\t\t\t\t<\/div>\n\t\t\t\t<\/div>\n\t\t<div class=\"elementor-element elementor-element-00d99ee e-flex e-con-boxed e-con e-child\" data-id=\"00d99ee\" data-element_type=\"container\">\n\t\t\t\t\t<div class=\"e-con-inner\">\n\t\t<div class=\"elementor-element elementor-element-afd9792 e-con-full e-flex e-con e-child\" data-id=\"afd9792\" data-element_type=\"container\" data-settings=\"{&quot;background_background&quot;:&quot;gradient&quot;}\">\n\t\t\t\t<div class=\"elementor-element elementor-element-61459d9 elementor-widget elementor-widget-image\" data-id=\"61459d9\" data-element_type=\"widget\" data-widget_type=\"image.default\">\n\t\t\t\t\t\t\t\t\t\t\t\t\t\t\t<img fetchpriority=\"high\" decoding=\"async\" width=\"800\" height=\"534\" src=\"https:\/\/safashir.ir\/tr\/wp-content\/uploads\/2025\/12\/D-01-1024x684.png\" class=\"attachment-large size-large wp-image-677\" alt=\"\" srcset=\"https:\/\/safashir.ir\/tr\/wp-content\/uploads\/2025\/12\/D-01-1024x684.png 1024w, https:\/\/safashir.ir\/tr\/wp-content\/uploads\/2025\/12\/D-01-300x201.png 300w, https:\/\/safashir.ir\/tr\/wp-content\/uploads\/2025\/12\/D-01-768x513.png 768w, https:\/\/safashir.ir\/tr\/wp-content\/uploads\/2025\/12\/D-01-1536x1027.png 1536w, https:\/\/safashir.ir\/tr\/wp-content\/uploads\/2025\/12\/D-01-2048x1369.png 2048w\" sizes=\"(max-width: 800px) 100vw, 800px\" \/>\t\t\t\t\t\t\t\t\t\t\t\t\t\t\t<\/div>\n\t\t\t\t<\/div>\n\t\t<div class=\"elementor-element elementor-element-099cc38 e-con-full e-flex e-con e-child\" data-id=\"099cc38\" data-element_type=\"container\" data-settings=\"{&quot;background_background&quot;:&quot;gradient&quot;,&quot;background_motion_fx_motion_fx_mouse&quot;:&quot;yes&quot;}\">\n\t\t\t\t<div class=\"elementor-element elementor-element-2943008 elementor-widget__width-initial elementor-widget elementor-widget-image\" data-id=\"2943008\" data-element_type=\"widget\" data-widget_type=\"image.default\">\n\t\t\t\t\t\t\t\t\t\t\t\t\t\t\t<img decoding=\"async\" width=\"573\" height=\"387\" src=\"https:\/\/safashir.ir\/tr\/wp-content\/uploads\/2025\/12\/D-1.png\" class=\"attachment-large size-large wp-image-583\" alt=\"\" srcset=\"https:\/\/safashir.ir\/tr\/wp-content\/uploads\/2025\/12\/D-1.png 573w, https:\/\/safashir.ir\/tr\/wp-content\/uploads\/2025\/12\/D-1-300x203.png 300w\" sizes=\"(max-width: 573px) 100vw, 573px\" \/>\t\t\t\t\t\t\t\t\t\t\t\t\t\t\t<\/div>\n\t\t\t\t<\/div>\n\t\t\t\t\t<\/div>\n\t\t\t\t<\/div>\n\t\t<div class=\"elementor-element elementor-element-c513c3c e-flex e-con-boxed e-con e-child\" data-id=\"c513c3c\" data-element_type=\"container\">\n\t\t\t\t\t<div class=\"e-con-inner\">\n\t\t<div class=\"elementor-element elementor-element-6059631 e-con-full e-flex e-con e-child\" data-id=\"6059631\" data-element_type=\"container\">\n\t\t<div class=\"elementor-element elementor-element-0a7fc35 e-con-full e-flex e-con e-child\" data-id=\"0a7fc35\" data-element_type=\"container\" data-settings=\"{&quot;background_background&quot;:&quot;gradient&quot;}\">\n\t\t\t\t<div class=\"elementor-element elementor-element-bd131fa elementor-widget__width-initial elementor-widget elementor-widget-image\" data-id=\"bd131fa\" data-element_type=\"widget\" data-widget_type=\"image.default\">\n\t\t\t\t\t\t\t\t\t\t\t\t\t\t\t<img decoding=\"async\" width=\"300\" height=\"300\" src=\"https:\/\/safashir.ir\/tr\/wp-content\/uploads\/2025\/11\/d-3.png\" class=\"attachment-large size-large wp-image-465\" alt=\"\" srcset=\"https:\/\/safashir.ir\/tr\/wp-content\/uploads\/2025\/11\/d-3.png 300w, https:\/\/safashir.ir\/tr\/wp-content\/uploads\/2025\/11\/d-3-150x150.png 150w\" sizes=\"(max-width: 300px) 100vw, 300px\" \/>\t\t\t\t\t\t\t\t\t\t\t\t\t\t\t<\/div>\n\t\t\t\t<\/div>\n\t\t\t\t<\/div>\n\t\t<div class=\"elementor-element elementor-element-3d6d051 e-con-full e-flex e-con e-child\" data-id=\"3d6d051\" data-element_type=\"container\">\n\t\t<div class=\"elementor-element elementor-element-9592902 e-con-full e-flex e-con e-child\" data-id=\"9592902\" data-element_type=\"container\" data-settings=\"{&quot;background_background&quot;:&quot;gradient&quot;}\">\n\t\t\t\t<div class=\"elementor-element elementor-element-dd5c82e elementor-widget__width-initial elementor-widget elementor-widget-image\" data-id=\"dd5c82e\" data-element_type=\"widget\" data-widget_type=\"image.default\">\n\t\t\t\t\t\t\t\t\t\t\t\t\t\t\t<img loading=\"lazy\" decoding=\"async\" width=\"300\" height=\"300\" src=\"https:\/\/safashir.ir\/tr\/wp-content\/uploads\/2025\/11\/series-d-2.png\" class=\"attachment-large size-large wp-image-467\" alt=\"\" srcset=\"https:\/\/safashir.ir\/tr\/wp-content\/uploads\/2025\/11\/series-d-2.png 300w, https:\/\/safashir.ir\/tr\/wp-content\/uploads\/2025\/11\/series-d-2-150x150.png 150w\" sizes=\"(max-width: 300px) 100vw, 300px\" \/>\t\t\t\t\t\t\t\t\t\t\t\t\t\t\t<\/div>\n\t\t\t\t<\/div>\n\t\t\t\t<\/div>\n\t\t<div class=\"elementor-element elementor-element-a3934bd e-con-full e-flex e-con e-child\" data-id=\"a3934bd\" data-element_type=\"container\">\n\t\t<div class=\"elementor-element elementor-element-c29fbd7 e-con-full e-flex e-con e-child\" data-id=\"c29fbd7\" data-element_type=\"container\" data-settings=\"{&quot;background_background&quot;:&quot;gradient&quot;}\">\n\t\t\t\t<div class=\"elementor-element elementor-element-872d01c elementor-widget__width-initial elementor-widget elementor-widget-image\" data-id=\"872d01c\" data-element_type=\"widget\" data-widget_type=\"image.default\">\n\t\t\t\t\t\t\t\t\t\t\t\t\t\t\t<img loading=\"lazy\" decoding=\"async\" width=\"300\" height=\"300\" src=\"https:\/\/safashir.ir\/tr\/wp-content\/uploads\/2025\/11\/series-d.png\" class=\"attachment-large size-large wp-image-466\" alt=\"\" srcset=\"https:\/\/safashir.ir\/tr\/wp-content\/uploads\/2025\/11\/series-d.png 300w, https:\/\/safashir.ir\/tr\/wp-content\/uploads\/2025\/11\/series-d-150x150.png 150w\" sizes=\"(max-width: 300px) 100vw, 300px\" \/>\t\t\t\t\t\t\t\t\t\t\t\t\t\t\t<\/div>\n\t\t\t\t<\/div>\n\t\t\t\t<\/div>\n\t\t<div class=\"elementor-element elementor-element-9cc5e1b e-con-full e-flex e-con e-child\" data-id=\"9cc5e1b\" data-element_type=\"container\">\n\t\t<div class=\"elementor-element elementor-element-7e62c2c e-con-full e-flex e-con e-child\" data-id=\"7e62c2c\" data-element_type=\"container\" data-settings=\"{&quot;background_background&quot;:&quot;gradient&quot;}\">\n\t\t\t\t<div class=\"elementor-element elementor-element-21a9578 elementor-widget__width-initial elementor-widget elementor-widget-image\" data-id=\"21a9578\" data-element_type=\"widget\" data-widget_type=\"image.default\">\n\t\t\t\t\t\t\t\t\t\t\t\t\t\t\t<img loading=\"lazy\" decoding=\"async\" width=\"300\" height=\"300\" src=\"https:\/\/safashir.ir\/tr\/wp-content\/uploads\/2025\/11\/wok-D.png\" class=\"attachment-large size-large wp-image-468\" alt=\"\" srcset=\"https:\/\/safashir.ir\/tr\/wp-content\/uploads\/2025\/11\/wok-D.png 300w, https:\/\/safashir.ir\/tr\/wp-content\/uploads\/2025\/11\/wok-D-150x150.png 150w\" sizes=\"(max-width: 300px) 100vw, 300px\" \/>\t\t\t\t\t\t\t\t\t\t\t\t\t\t\t<\/div>\n\t\t\t\t<\/div>\n\t\t\t\t<\/div>\n\t\t\t\t\t<\/div>\n\t\t\t\t<\/div>\n\t\t<div class=\"elementor-element elementor-element-0a8b12a elementor-hidden-tablet elementor-hidden-mobile e-flex e-con-boxed e-con e-child\" data-id=\"0a8b12a\" data-element_type=\"container\" data-settings=\"{&quot;background_background&quot;:&quot;classic&quot;}\">\n\t\t\t\t\t<div class=\"e-con-inner\">\n\t\t\t\t<div class=\"elementor-element elementor-element-600d309 elementor-widget__width-initial elementor-widget elementor-widget-image\" data-id=\"600d309\" data-element_type=\"widget\" data-widget_type=\"image.default\">\n\t\t\t\t\t\t\t\t\t\t\t\t\t\t\t<img loading=\"lazy\" decoding=\"async\" width=\"800\" height=\"77\" src=\"https:\/\/safashir.ir\/tr\/wp-content\/uploads\/2025\/12\/qqqqqwwwwwwwwwwwwwwwweeeeeeeeeeeeeeeeeeeeeeeeeeeeee-1-1024x99.png\" class=\"attachment-large size-large wp-image-581\" alt=\"\" srcset=\"https:\/\/safashir.ir\/tr\/wp-content\/uploads\/2025\/12\/qqqqqwwwwwwwwwwwwwwwweeeeeeeeeeeeeeeeeeeeeeeeeeeeee-1-1024x99.png 1024w, https:\/\/safashir.ir\/tr\/wp-content\/uploads\/2025\/12\/qqqqqwwwwwwwwwwwwwwwweeeeeeeeeeeeeeeeeeeeeeeeeeeeee-1-300x29.png 300w, https:\/\/safashir.ir\/tr\/wp-content\/uploads\/2025\/12\/qqqqqwwwwwwwwwwwwwwwweeeeeeeeeeeeeeeeeeeeeeeeeeeeee-1-768x75.png 768w, https:\/\/safashir.ir\/tr\/wp-content\/uploads\/2025\/12\/qqqqqwwwwwwwwwwwwwwwweeeeeeeeeeeeeeeeeeeeeeeeeeeeee-1.png 1237w\" sizes=\"(max-width: 800px) 100vw, 800px\" \/>\t\t\t\t\t\t\t\t\t\t\t\t\t\t\t<\/div>\n\t\t\t\t<div class=\"elementor-element elementor-element-3b5e20a elementor-align-center elementor-widget__width-initial elementor-widget elementor-widget-button\" data-id=\"3b5e20a\" data-element_type=\"widget\" data-widget_type=\"button.default\">\n\t\t\t\t\t\t\t\t\t\t<a class=\"elementor-button elementor-button-link elementor-size-sm\" href=\"https:\/\/safashir.ir\/lifetime-guarantee\/\">\n\t\t\t\t\t\t<span class=\"elementor-button-content-wrapper\">\n\t\t\t\t\t\t\t\t\t<span class=\"elementor-button-text\">\u00d6m\u00fcr Boyu Garanti<\/span>\n\t\t\t\t\t<\/span>\n\t\t\t\t\t<\/a>\n\t\t\t\t\t\t\t\t<\/div>\n\t\t\t\t<div class=\"elementor-element elementor-element-3a510ac elementor-widget__width-initial elementor-widget elementor-widget-text-editor\" data-id=\"3a510ac\" data-element_type=\"widget\" data-widget_type=\"text-editor.default\">\n\t\t\t\t\t\t\t\t\t<p>\u00dcr\u00fcn garanti \u015fartlar\u0131n\u0131 g\u00f6rmek i\u00e7in t\u0131klay\u0131n<\/p>\t\t\t\t\t\t\t\t<\/div>\n\t\t\t\t<div class=\"elementor-element elementor-element-69adf1d elementor-widget__width-initial elementor-widget elementor-widget-heading\" data-id=\"69adf1d\" data-element_type=\"widget\" data-widget_type=\"heading.default\">\n\t\t\t\t\t<h2 class=\"elementor-heading-title elementor-size-default\">\u00d6m\u00fcr Boyu Garanti<\/h2>\t\t\t\t<\/div>\n\t\t\t\t\t<\/div>\n\t\t\t\t<\/div>\n\t\t\t\t<div class=\"elementor-element elementor-element-37e2195 elementor-hidden-tablet elementor-hidden-mobile elementor-widget elementor-widget-heading\" data-id=\"37e2195\" data-element_type=\"widget\" data-widget_type=\"heading.default\">\n\t\t\t\t\t<h2 class=\"elementor-heading-title elementor-size-default\">Benzer \u00fcr\u00fcnler<\/h2>\t\t\t\t<\/div>\n\t\t<div class=\"elementor-element elementor-element-7c82644 elementor-hidden-tablet elementor-hidden-mobile e-flex e-con-boxed e-con e-child\" data-id=\"7c82644\" data-element_type=\"container\" data-settings=\"{&quot;background_background&quot;:&quot;gradient&quot;,&quot;shape_divider_top&quot;:&quot;curve&quot;,&quot;shape_divider_bottom&quot;:&quot;curve&quot;,&quot;shape_divider_bottom_negative&quot;:&quot;yes&quot;}\">\n\t\t\t\t\t<div class=\"e-con-inner\">\n\t\t\t\t<div class=\"elementor-shape elementor-shape-top\" aria-hidden=\"true\" data-negative=\"false\">\n\t\t\t<svg xmlns=\"http:\/\/www.w3.org\/2000\/svg\" viewBox=\"0 0 1000 100\" preserveAspectRatio=\"none\">\n    <path class=\"elementor-shape-fill\" d=\"M1000,4.3V0H0v4.3C0.9,23.1,126.7,99.2,500,100S1000,22.7,1000,4.3z\"\/>\n<\/svg>\t\t<\/div>\n\t\t\t\t<div class=\"elementor-shape elementor-shape-bottom\" aria-hidden=\"true\" data-negative=\"true\">\n\t\t\t<svg xmlns=\"http:\/\/www.w3.org\/2000\/svg\" viewBox=\"0 0 1000 100\" preserveAspectRatio=\"none\">\n\t<path class=\"elementor-shape-fill\" d=\"M500,97C126.7,96.3,0.8,19.8,0,0v100l1000,0V1C1000,19.4,873.3,97.8,500,97z\"\/>\n<\/svg>\t\t<\/div>\n\t\t<div class=\"elementor-element elementor-element-a68ebdd e-con-full e-flex e-con e-child\" data-id=\"a68ebdd\" data-element_type=\"container\" data-settings=\"{&quot;background_background&quot;:&quot;gradient&quot;}\">\n\t\t\t\t<div class=\"elementor-element elementor-element-2c5ac9e elementor-widget elementor-widget-image\" data-id=\"2c5ac9e\" data-element_type=\"widget\" data-widget_type=\"image.default\">\n\t\t\t\t\t\t\t\t\t\t\t\t\t\t\t\t<a href=\"https:\/\/safashir.ir\/tr\/index.php\/ng-series\/\">\n\t\t\t\t\t\t\t<img loading=\"lazy\" decoding=\"async\" width=\"573\" height=\"387\" src=\"https:\/\/safashir.ir\/tr\/wp-content\/uploads\/2025\/12\/NG2.png\" class=\"elementor-animation-grow attachment-large size-large wp-image-582\" alt=\"\" srcset=\"https:\/\/safashir.ir\/tr\/wp-content\/uploads\/2025\/12\/NG2.png 573w, https:\/\/safashir.ir\/tr\/wp-content\/uploads\/2025\/12\/NG2-300x203.png 300w\" sizes=\"(max-width: 573px) 100vw, 573px\" \/>\t\t\t\t\t\t\t\t<\/a>\n\t\t\t\t\t\t\t\t\t\t\t\t\t\t\t<\/div>\n\t\t\t\t<\/div>\n\t\t<div class=\"elementor-element elementor-element-69ea25c e-con-full e-flex e-con e-child\" data-id=\"69ea25c\" data-element_type=\"container\" data-settings=\"{&quot;background_background&quot;:&quot;gradient&quot;}\">\n\t\t\t\t<div class=\"elementor-element elementor-element-929c19a elementor-widget elementor-widget-image\" data-id=\"929c19a\" data-element_type=\"widget\" data-widget_type=\"image.default\">\n\t\t\t\t\t\t\t\t\t\t\t\t\t\t\t\t<a href=\"https:\/\/safashir.ir\/tr\/index.php\/n-series\/\">\n\t\t\t\t\t\t\t<img loading=\"lazy\" decoding=\"async\" width=\"573\" height=\"387\" src=\"https:\/\/safashir.ir\/tr\/wp-content\/uploads\/2025\/12\/N-2.png\" class=\"elementor-animation-grow attachment-large size-large wp-image-576\" alt=\"\" srcset=\"https:\/\/safashir.ir\/tr\/wp-content\/uploads\/2025\/12\/N-2.png 573w, https:\/\/safashir.ir\/tr\/wp-content\/uploads\/2025\/12\/N-2-300x203.png 300w\" sizes=\"(max-width: 573px) 100vw, 573px\" \/>\t\t\t\t\t\t\t\t<\/a>\n\t\t\t\t\t\t\t\t\t\t\t\t\t\t\t<\/div>\n\t\t\t\t<\/div>\n\t\t<div class=\"elementor-element elementor-element-85467cf e-con-full e-flex e-con e-child\" data-id=\"85467cf\" data-element_type=\"container\" data-settings=\"{&quot;background_background&quot;:&quot;gradient&quot;}\">\n\t\t\t\t<div class=\"elementor-element elementor-element-7a782cd elementor-widget elementor-widget-image\" data-id=\"7a782cd\" data-element_type=\"widget\" data-widget_type=\"image.default\">\n\t\t\t\t\t\t\t\t\t\t\t\t\t\t\t\t<a href=\"https:\/\/safashir.ir\/tr\/index.php\/ae-series\/\">\n\t\t\t\t\t\t\t<img loading=\"lazy\" decoding=\"async\" width=\"573\" height=\"387\" src=\"https:\/\/safashir.ir\/tr\/wp-content\/uploads\/2025\/12\/AE-1.png\" class=\"elementor-animation-grow attachment-large size-large wp-image-584\" alt=\"\" srcset=\"https:\/\/safashir.ir\/tr\/wp-content\/uploads\/2025\/12\/AE-1.png 573w, https:\/\/safashir.ir\/tr\/wp-content\/uploads\/2025\/12\/AE-1-300x203.png 300w\" sizes=\"(max-width: 573px) 100vw, 573px\" \/>\t\t\t\t\t\t\t\t<\/a>\n\t\t\t\t\t\t\t\t\t\t\t\t\t\t\t<\/div>\n\t\t\t\t<\/div>\n\t\t\t\t\t<\/div>\n\t\t\t\t<\/div>\n\t\t<div class=\"elementor-element elementor-element-9314fcd elementor-hidden-desktop elementor-hidden-tablet e-flex e-con-boxed e-con e-child\" data-id=\"9314fcd\" data-element_type=\"container\" data-settings=\"{&quot;background_background&quot;:&quot;classic&quot;}\">\n\t\t\t\t\t<div class=\"e-con-inner\">\n\t\t\t\t<div class=\"elementor-element elementor-element-c111ce5 elementor-widget__width-initial elementor-widget elementor-widget-image\" data-id=\"c111ce5\" data-element_type=\"widget\" data-widget_type=\"image.default\">\n\t\t\t\t\t\t\t\t\t\t\t\t\t\t\t<img loading=\"lazy\" decoding=\"async\" width=\"800\" height=\"77\" src=\"https:\/\/safashir.ir\/tr\/wp-content\/uploads\/2025\/12\/qqqqqwwwwwwwwwwwwwwwweeeeeeeeeeeeeeeeeeeeeeeeeeeeee-1-1024x99.png\" class=\"attachment-large size-large wp-image-581\" alt=\"\" srcset=\"https:\/\/safashir.ir\/tr\/wp-content\/uploads\/2025\/12\/qqqqqwwwwwwwwwwwwwwwweeeeeeeeeeeeeeeeeeeeeeeeeeeeee-1-1024x99.png 1024w, https:\/\/safashir.ir\/tr\/wp-content\/uploads\/2025\/12\/qqqqqwwwwwwwwwwwwwwwweeeeeeeeeeeeeeeeeeeeeeeeeeeeee-1-300x29.png 300w, https:\/\/safashir.ir\/tr\/wp-content\/uploads\/2025\/12\/qqqqqwwwwwwwwwwwwwwwweeeeeeeeeeeeeeeeeeeeeeeeeeeeee-1-768x75.png 768w, https:\/\/safashir.ir\/tr\/wp-content\/uploads\/2025\/12\/qqqqqwwwwwwwwwwwwwwwweeeeeeeeeeeeeeeeeeeeeeeeeeeeee-1.png 1237w\" sizes=\"(max-width: 800px) 100vw, 800px\" \/>\t\t\t\t\t\t\t\t\t\t\t\t\t\t\t<\/div>\n\t\t\t\t<div class=\"elementor-element elementor-element-f920755 elementor-widget__width-initial elementor-widget elementor-widget-heading\" data-id=\"f920755\" data-element_type=\"widget\" data-widget_type=\"heading.default\">\n\t\t\t\t\t<h2 class=\"elementor-heading-title elementor-size-default\">LIFETIME GUARANTEE<\/h2>\t\t\t\t<\/div>\n\t\t\t\t\t<\/div>\n\t\t\t\t<\/div>\n\t\t\t\t<\/div>\n\t\t\t\t<\/div>\n\t\t","protected":false},"excerpt":{"rendered":"<p>MODEL:D serisi \u00d6m\u00fcr Boyu Garanti \u00dcr\u00fcn garanti \u015fartlar\u0131n\u0131 g\u00f6rmek i\u00e7in t\u0131klay\u0131n \u00d6m\u00fcr Boyu Garanti Benzer \u00fcr\u00fcnler LIFETIME GUARANTEE<\/p>\n","protected":false},"author":1,"featured_media":0,"parent":0,"menu_order":0,"comment_status":"closed","ping_status":"closed","template":"","meta":{"footnotes":""},"class_list":["post-50","page","type-page","status-publish","hentry"],"_links":{"self":[{"href":"https:\/\/safashir.ir\/tr\/index.php\/wp-json\/wp\/v2\/pages\/50","targetHints":{"allow":["GET"]}}],"collection":[{"href":"https:\/\/safashir.ir\/tr\/index.php\/wp-json\/wp\/v2\/pages"}],"about":[{"href":"https:\/\/safashir.ir\/tr\/index.php\/wp-json\/wp\/v2\/types\/page"}],"author":[{"embeddable":true,"href":"https:\/\/safashir.ir\/tr\/index.php\/wp-json\/wp\/v2\/users\/1"}],"replies":[{"embeddable":true,"href":"https:\/\/safashir.ir\/tr\/index.php\/wp-json\/wp\/v2\/comments?post=50"}],"version-history":[{"count":6,"href":"https:\/\/safashir.ir\/tr\/index.php\/wp-json\/wp\/v2\/pages\/50\/revisions"}],"predecessor-version":[{"id":684,"href":"https:\/\/safashir.ir\/tr\/index.php\/wp-json\/wp\/v2\/pages\/50\/revisions\/684"}],"wp:attachment":[{"href":"https:\/\/safashir.ir\/tr\/index.php\/wp-json\/wp\/v2\/media?parent=50"}],"curies":[{"name":"wp","href":"https:\/\/api.w.org\/{rel}","templated":true}]}}