{"id":32,"date":"2025-09-29T05:51:24","date_gmt":"2025-09-29T05:51:24","guid":{"rendered":"https:\/\/safashir.ir\/en\/?page_id=32"},"modified":"2025-12-31T05:02:04","modified_gmt":"2025-12-31T05:02:04","slug":"dual-woks","status":"publish","type":"page","link":"https:\/\/safashir.ir\/tr\/index.php\/dual-woks\/","title":{"rendered":"DUAL WOKS"},"content":{"rendered":"\t\t<div data-elementor-type=\"wp-page\" data-elementor-id=\"32\" class=\"elementor elementor-32\" data-elementor-post-type=\"page\">\n\t\t\t\t<div class=\"elementor-element elementor-element-e8a3078 e-con-full e-flex e-con e-parent\" data-id=\"e8a3078\" data-element_type=\"container\">\n\t\t<div class=\"elementor-element elementor-element-223640f e-con-full e-flex e-con e-child\" data-id=\"223640f\" data-element_type=\"container\" data-settings=\"{&quot;background_background&quot;:&quot;classic&quot;}\">\n\t\t\t\t<div class=\"elementor-element elementor-element-932d34b elementor-widget elementor-widget-sina_title\" data-id=\"932d34b\" data-element_type=\"widget\" data-widget_type=\"sina_title.default\">\n\t\t\t\t<div class=\"elementor-widget-container\">\n\t\t\t\t\t\t\t<div class=\"sina-title\">\r\n\t\t\t\r\n\t\t\t\t\t\t\t<h2 class=\"sina-title-title\">MODEL:<span>WOK-DUAL<\/span><\/h2>\t\t\t\r\n\t\t\t\r\n\t\t\t\r\n\t\t\t\t\t<\/div><!-- .sina-title -->\r\n\t\t\t\t\t\t<\/div>\n\t\t\t\t<\/div>\n\t\t\t\t<\/div>\n\t\t<div class=\"elementor-element elementor-element-c4778ae e-flex e-con-boxed e-con e-child\" data-id=\"c4778ae\" data-element_type=\"container\">\n\t\t\t\t\t<div class=\"e-con-inner\">\n\t\t<div class=\"elementor-element elementor-element-e1b5a56 e-con-full e-flex e-con e-child\" data-id=\"e1b5a56\" data-element_type=\"container\" data-settings=\"{&quot;background_background&quot;:&quot;gradient&quot;}\">\n\t\t\t\t<\/div>\n\t\t<div class=\"elementor-element elementor-element-9dcb827 e-con-full e-flex e-con e-child\" data-id=\"9dcb827\" data-element_type=\"container\" data-settings=\"{&quot;background_background&quot;:&quot;gradient&quot;,&quot;background_motion_fx_motion_fx_mouse&quot;:&quot;yes&quot;}\">\n\t\t\t\t<div class=\"elementor-element elementor-element-81531ab elementor-widget__width-initial elementor-widget elementor-widget-image\" data-id=\"81531ab\" data-element_type=\"widget\" data-widget_type=\"image.default\">\n\t\t\t\t\t\t\t\t\t\t\t\t\t\t\t<img fetchpriority=\"high\" decoding=\"async\" width=\"300\" height=\"300\" src=\"https:\/\/safashir.ir\/tr\/wp-content\/uploads\/2025\/12\/WOK-DUAL.png\" class=\"attachment-large size-large wp-image-721\" alt=\"\" srcset=\"https:\/\/safashir.ir\/tr\/wp-content\/uploads\/2025\/12\/WOK-DUAL.png 300w, https:\/\/safashir.ir\/tr\/wp-content\/uploads\/2025\/12\/WOK-DUAL-150x150.png 150w\" sizes=\"(max-width: 300px) 100vw, 300px\" \/>\t\t\t\t\t\t\t\t\t\t\t\t\t\t\t<\/div>\n\t\t\t\t<\/div>\n\t\t\t\t\t<\/div>\n\t\t\t\t<\/div>\n\t\t<div class=\"elementor-element elementor-element-b33b9f5 elementor-hidden-tablet elementor-hidden-mobile e-flex e-con-boxed e-con e-child\" data-id=\"b33b9f5\" data-element_type=\"container\" data-settings=\"{&quot;background_background&quot;:&quot;classic&quot;}\">\n\t\t\t\t\t<div class=\"e-con-inner\">\n\t\t\t\t<div class=\"elementor-element elementor-element-fb27e79 elementor-widget__width-initial elementor-widget elementor-widget-image\" data-id=\"fb27e79\" data-element_type=\"widget\" data-widget_type=\"image.default\">\n\t\t\t\t\t\t\t\t\t\t\t\t\t\t\t<img decoding=\"async\" width=\"800\" height=\"77\" src=\"https:\/\/safashir.ir\/tr\/wp-content\/uploads\/2025\/12\/qqqqqwwwwwwwwwwwwwwwweeeeeeeeeeeeeeeeeeeeeeeeeeeeee-1-1024x99.png\" class=\"attachment-large size-large wp-image-581\" alt=\"\" srcset=\"https:\/\/safashir.ir\/tr\/wp-content\/uploads\/2025\/12\/qqqqqwwwwwwwwwwwwwwwweeeeeeeeeeeeeeeeeeeeeeeeeeeeee-1-1024x99.png 1024w, https:\/\/safashir.ir\/tr\/wp-content\/uploads\/2025\/12\/qqqqqwwwwwwwwwwwwwwwweeeeeeeeeeeeeeeeeeeeeeeeeeeeee-1-300x29.png 300w, https:\/\/safashir.ir\/tr\/wp-content\/uploads\/2025\/12\/qqqqqwwwwwwwwwwwwwwwweeeeeeeeeeeeeeeeeeeeeeeeeeeeee-1-768x75.png 768w, https:\/\/safashir.ir\/tr\/wp-content\/uploads\/2025\/12\/qqqqqwwwwwwwwwwwwwwwweeeeeeeeeeeeeeeeeeeeeeeeeeeeee-1.png 1237w\" sizes=\"(max-width: 800px) 100vw, 800px\" \/>\t\t\t\t\t\t\t\t\t\t\t\t\t\t\t<\/div>\n\t\t\t\t<div class=\"elementor-element elementor-element-a1fb2dd elementor-align-center elementor-widget__width-initial elementor-widget elementor-widget-button\" data-id=\"a1fb2dd\" data-element_type=\"widget\" data-widget_type=\"button.default\">\n\t\t\t\t\t\t\t\t\t\t<a class=\"elementor-button elementor-button-link elementor-size-sm\" href=\"https:\/\/safashir.ir\/lifetime-guarantee\/\">\n\t\t\t\t\t\t<span class=\"elementor-button-content-wrapper\">\n\t\t\t\t\t\t\t\t\t<span class=\"elementor-button-text\">\u00d6m\u00fcr Boyu Garanti<\/span>\n\t\t\t\t\t<\/span>\n\t\t\t\t\t<\/a>\n\t\t\t\t\t\t\t\t<\/div>\n\t\t\t\t<div class=\"elementor-element elementor-element-c86ac92 elementor-widget__width-initial elementor-widget elementor-widget-text-editor\" data-id=\"c86ac92\" data-element_type=\"widget\" data-widget_type=\"text-editor.default\">\n\t\t\t\t\t\t\t\t\t<p>\u00dcr\u00fcn garanti \u015fartlar\u0131n\u0131 g\u00f6rmek i\u00e7in t\u0131klay\u0131n<\/p>\t\t\t\t\t\t\t\t<\/div>\n\t\t\t\t<div class=\"elementor-element elementor-element-f18e153 elementor-widget__width-initial elementor-widget elementor-widget-heading\" data-id=\"f18e153\" data-element_type=\"widget\" data-widget_type=\"heading.default\">\n\t\t\t\t\t<h2 class=\"elementor-heading-title elementor-size-default\">\u00d6m\u00fcr Boyu Garanti<\/h2>\t\t\t\t<\/div>\n\t\t\t\t\t<\/div>\n\t\t\t\t<\/div>\n\t\t\t\t<div class=\"elementor-element elementor-element-e2679fb elementor-hidden-tablet elementor-hidden-mobile elementor-widget elementor-widget-heading\" data-id=\"e2679fb\" data-element_type=\"widget\" data-widget_type=\"heading.default\">\n\t\t\t\t\t<h2 class=\"elementor-heading-title elementor-size-default\">Benzer \u00fcr\u00fcnler<\/h2>\t\t\t\t<\/div>\n\t\t<div class=\"elementor-element elementor-element-091b383 elementor-hidden-tablet elementor-hidden-mobile e-flex e-con-boxed e-con e-child\" data-id=\"091b383\" data-element_type=\"container\" data-settings=\"{&quot;background_background&quot;:&quot;gradient&quot;,&quot;shape_divider_top&quot;:&quot;curve&quot;,&quot;shape_divider_bottom&quot;:&quot;curve&quot;,&quot;shape_divider_bottom_negative&quot;:&quot;yes&quot;}\">\n\t\t\t\t\t<div class=\"e-con-inner\">\n\t\t\t\t<div class=\"elementor-shape elementor-shape-top\" aria-hidden=\"true\" data-negative=\"false\">\n\t\t\t<svg xmlns=\"http:\/\/www.w3.org\/2000\/svg\" viewBox=\"0 0 1000 100\" preserveAspectRatio=\"none\">\n    <path class=\"elementor-shape-fill\" d=\"M1000,4.3V0H0v4.3C0.9,23.1,126.7,99.2,500,100S1000,22.7,1000,4.3z\"\/>\n<\/svg>\t\t<\/div>\n\t\t\t\t<div class=\"elementor-shape elementor-shape-bottom\" aria-hidden=\"true\" data-negative=\"true\">\n\t\t\t<svg xmlns=\"http:\/\/www.w3.org\/2000\/svg\" viewBox=\"0 0 1000 100\" preserveAspectRatio=\"none\">\n\t<path class=\"elementor-shape-fill\" d=\"M500,97C126.7,96.3,0.8,19.8,0,0v100l1000,0V1C1000,19.4,873.3,97.8,500,97z\"\/>\n<\/svg>\t\t<\/div>\n\t\t<div class=\"elementor-element elementor-element-a7aede9 e-con-full e-flex e-con e-child\" data-id=\"a7aede9\" data-element_type=\"container\" data-settings=\"{&quot;background_background&quot;:&quot;gradient&quot;}\">\n\t\t\t\t<div class=\"elementor-element elementor-element-aa262a0 elementor-widget elementor-widget-image\" data-id=\"aa262a0\" data-element_type=\"widget\" data-widget_type=\"image.default\">\n\t\t\t\t\t\t\t\t\t\t\t\t\t\t\t\t<a href=\"https:\/\/safashir.ir\/tr\/index.php\/ng-series\/\">\n\t\t\t\t\t\t\t<img decoding=\"async\" width=\"573\" height=\"387\" src=\"https:\/\/safashir.ir\/tr\/wp-content\/uploads\/2025\/12\/NG2.png\" class=\"elementor-animation-grow attachment-large size-large wp-image-582\" alt=\"\" srcset=\"https:\/\/safashir.ir\/tr\/wp-content\/uploads\/2025\/12\/NG2.png 573w, https:\/\/safashir.ir\/tr\/wp-content\/uploads\/2025\/12\/NG2-300x203.png 300w\" sizes=\"(max-width: 573px) 100vw, 573px\" \/>\t\t\t\t\t\t\t\t<\/a>\n\t\t\t\t\t\t\t\t\t\t\t\t\t\t\t<\/div>\n\t\t\t\t<\/div>\n\t\t<div class=\"elementor-element elementor-element-e4cebfd e-con-full e-flex e-con e-child\" data-id=\"e4cebfd\" data-element_type=\"container\" data-settings=\"{&quot;background_background&quot;:&quot;gradient&quot;}\">\n\t\t\t\t<div class=\"elementor-element elementor-element-1ddcd6a elementor-widget elementor-widget-image\" data-id=\"1ddcd6a\" data-element_type=\"widget\" data-widget_type=\"image.default\">\n\t\t\t\t\t\t\t\t\t\t\t\t\t\t\t\t<a href=\"https:\/\/safashir.ir\/tr\/index.php\/n-series\/\">\n\t\t\t\t\t\t\t<img loading=\"lazy\" decoding=\"async\" width=\"573\" height=\"387\" src=\"https:\/\/safashir.ir\/tr\/wp-content\/uploads\/2025\/12\/N-2.png\" class=\"elementor-animation-grow attachment-large size-large wp-image-576\" alt=\"\" srcset=\"https:\/\/safashir.ir\/tr\/wp-content\/uploads\/2025\/12\/N-2.png 573w, https:\/\/safashir.ir\/tr\/wp-content\/uploads\/2025\/12\/N-2-300x203.png 300w\" sizes=\"(max-width: 573px) 100vw, 573px\" \/>\t\t\t\t\t\t\t\t<\/a>\n\t\t\t\t\t\t\t\t\t\t\t\t\t\t\t<\/div>\n\t\t\t\t<\/div>\n\t\t<div class=\"elementor-element elementor-element-f320581 e-con-full e-flex e-con e-child\" data-id=\"f320581\" data-element_type=\"container\" data-settings=\"{&quot;background_background&quot;:&quot;gradient&quot;}\">\n\t\t\t\t<div class=\"elementor-element elementor-element-6fdb270 elementor-widget elementor-widget-image\" data-id=\"6fdb270\" data-element_type=\"widget\" data-widget_type=\"image.default\">\n\t\t\t\t\t\t\t\t\t\t\t\t\t\t\t\t<a href=\"https:\/\/safashir.ir\/tr\/index.php\/ae-series\/\">\n\t\t\t\t\t\t\t<img loading=\"lazy\" decoding=\"async\" width=\"573\" height=\"387\" src=\"https:\/\/safashir.ir\/tr\/wp-content\/uploads\/2025\/12\/AE-1.png\" class=\"elementor-animation-grow attachment-large size-large wp-image-584\" alt=\"\" srcset=\"https:\/\/safashir.ir\/tr\/wp-content\/uploads\/2025\/12\/AE-1.png 573w, https:\/\/safashir.ir\/tr\/wp-content\/uploads\/2025\/12\/AE-1-300x203.png 300w\" sizes=\"(max-width: 573px) 100vw, 573px\" \/>\t\t\t\t\t\t\t\t<\/a>\n\t\t\t\t\t\t\t\t\t\t\t\t\t\t\t<\/div>\n\t\t\t\t<\/div>\n\t\t\t\t\t<\/div>\n\t\t\t\t<\/div>\n\t\t<div class=\"elementor-element elementor-element-d2529a9 elementor-hidden-desktop elementor-hidden-tablet e-flex e-con-boxed e-con e-child\" data-id=\"d2529a9\" data-element_type=\"container\" data-settings=\"{&quot;background_background&quot;:&quot;classic&quot;}\">\n\t\t\t\t\t<div class=\"e-con-inner\">\n\t\t\t\t<div class=\"elementor-element elementor-element-c32fdef elementor-widget__width-initial elementor-widget elementor-widget-image\" data-id=\"c32fdef\" data-element_type=\"widget\" data-widget_type=\"image.default\">\n\t\t\t\t\t\t\t\t\t\t\t\t\t\t\t<img decoding=\"async\" width=\"800\" height=\"77\" src=\"https:\/\/safashir.ir\/tr\/wp-content\/uploads\/2025\/12\/qqqqqwwwwwwwwwwwwwwwweeeeeeeeeeeeeeeeeeeeeeeeeeeeee-1-1024x99.png\" class=\"attachment-large size-large wp-image-581\" alt=\"\" srcset=\"https:\/\/safashir.ir\/tr\/wp-content\/uploads\/2025\/12\/qqqqqwwwwwwwwwwwwwwwweeeeeeeeeeeeeeeeeeeeeeeeeeeeee-1-1024x99.png 1024w, https:\/\/safashir.ir\/tr\/wp-content\/uploads\/2025\/12\/qqqqqwwwwwwwwwwwwwwwweeeeeeeeeeeeeeeeeeeeeeeeeeeeee-1-300x29.png 300w, https:\/\/safashir.ir\/tr\/wp-content\/uploads\/2025\/12\/qqqqqwwwwwwwwwwwwwwwweeeeeeeeeeeeeeeeeeeeeeeeeeeeee-1-768x75.png 768w, https:\/\/safashir.ir\/tr\/wp-content\/uploads\/2025\/12\/qqqqqwwwwwwwwwwwwwwwweeeeeeeeeeeeeeeeeeeeeeeeeeeeee-1.png 1237w\" sizes=\"(max-width: 800px) 100vw, 800px\" \/>\t\t\t\t\t\t\t\t\t\t\t\t\t\t\t<\/div>\n\t\t\t\t<div class=\"elementor-element elementor-element-9475bea elementor-widget__width-initial elementor-widget elementor-widget-heading\" data-id=\"9475bea\" data-element_type=\"widget\" data-widget_type=\"heading.default\">\n\t\t\t\t\t<h2 class=\"elementor-heading-title elementor-size-default\">LIFETIME GUARANTEE<\/h2>\t\t\t\t<\/div>\n\t\t\t\t\t<\/div>\n\t\t\t\t<\/div>\n\t\t\t\t<\/div>\n\t\t\t\t<\/div>\n\t\t","protected":false},"excerpt":{"rendered":"<p>MODEL:WOK-DUAL \u00d6m\u00fcr Boyu Garanti \u00dcr\u00fcn garanti \u015fartlar\u0131n\u0131 g\u00f6rmek i\u00e7in t\u0131klay\u0131n \u00d6m\u00fcr Boyu Garanti Benzer \u00fcr\u00fcnler LIFETIME GUARANTEE<\/p>\n","protected":false},"author":1,"featured_media":0,"parent":0,"menu_order":0,"comment_status":"closed","ping_status":"closed","template":"","meta":{"footnotes":""},"class_list":["post-32","page","type-page","status-publish","hentry"],"_links":{"self":[{"href":"https:\/\/safashir.ir\/tr\/index.php\/wp-json\/wp\/v2\/pages\/32","targetHints":{"allow":["GET"]}}],"collection":[{"href":"https:\/\/safashir.ir\/tr\/index.php\/wp-json\/wp\/v2\/pages"}],"about":[{"href":"https:\/\/safashir.ir\/tr\/index.php\/wp-json\/wp\/v2\/types\/page"}],"author":[{"embeddable":true,"href":"https:\/\/safashir.ir\/tr\/index.php\/wp-json\/wp\/v2\/users\/1"}],"replies":[{"embeddable":true,"href":"https:\/\/safashir.ir\/tr\/index.php\/wp-json\/wp\/v2\/comments?post=32"}],"version-history":[{"count":6,"href":"https:\/\/safashir.ir\/tr\/index.php\/wp-json\/wp\/v2\/pages\/32\/revisions"}],"predecessor-version":[{"id":727,"href":"https:\/\/safashir.ir\/tr\/index.php\/wp-json\/wp\/v2\/pages\/32\/revisions\/727"}],"wp:attachment":[{"href":"https:\/\/safashir.ir\/tr\/index.php\/wp-json\/wp\/v2\/media?parent=32"}],"curies":[{"name":"wp","href":"https:\/\/api.w.org\/{rel}","templated":true}]}}