{"id":30,"date":"2025-09-29T05:51:05","date_gmt":"2025-09-29T05:51:05","guid":{"rendered":"https:\/\/safashir.ir\/en\/?page_id=30"},"modified":"2025-12-31T05:00:39","modified_gmt":"2025-12-31T05:00:39","slug":"wok","status":"publish","type":"page","link":"https:\/\/safashir.ir\/tr\/index.php\/wok\/","title":{"rendered":"WOK"},"content":{"rendered":"\t\t<div data-elementor-type=\"wp-page\" data-elementor-id=\"30\" class=\"elementor elementor-30\" data-elementor-post-type=\"page\">\n\t\t\t\t<div class=\"elementor-element elementor-element-21c8306 e-con-full e-flex e-con e-parent\" data-id=\"21c8306\" data-element_type=\"container\">\n\t\t<div class=\"elementor-element elementor-element-bc6430f e-con-full e-flex e-con e-child\" data-id=\"bc6430f\" data-element_type=\"container\" data-settings=\"{&quot;background_background&quot;:&quot;classic&quot;}\">\n\t\t\t\t<div class=\"elementor-element elementor-element-80e57c3 elementor-widget elementor-widget-sina_title\" data-id=\"80e57c3\" data-element_type=\"widget\" data-widget_type=\"sina_title.default\">\n\t\t\t\t<div class=\"elementor-widget-container\">\n\t\t\t\t\t\t\t<div class=\"sina-title\">\r\n\t\t\t\r\n\t\t\t\t\t\t\t<h2 class=\"sina-title-title\">MODEL:<span>WOK-W<\/span><\/h2>\t\t\t\r\n\t\t\t\r\n\t\t\t\r\n\t\t\t\t\t<\/div><!-- .sina-title -->\r\n\t\t\t\t\t\t<\/div>\n\t\t\t\t<\/div>\n\t\t\t\t<\/div>\n\t\t<div class=\"elementor-element elementor-element-578f84d e-flex e-con-boxed e-con e-child\" data-id=\"578f84d\" data-element_type=\"container\">\n\t\t\t\t\t<div class=\"e-con-inner\">\n\t\t<div class=\"elementor-element elementor-element-aad554f e-con-full e-flex e-con e-child\" data-id=\"aad554f\" data-element_type=\"container\" data-settings=\"{&quot;background_background&quot;:&quot;gradient&quot;}\">\n\t\t\t\t<div class=\"elementor-element elementor-element-57b7ff5 elementor-widget elementor-widget-image\" data-id=\"57b7ff5\" data-element_type=\"widget\" data-widget_type=\"image.default\">\n\t\t\t\t\t\t\t\t\t\t\t\t\t\t\t<img fetchpriority=\"high\" decoding=\"async\" width=\"800\" height=\"538\" src=\"https:\/\/safashir.ir\/tr\/wp-content\/uploads\/2025\/12\/wok-0122-1024x689.png\" class=\"attachment-large size-large wp-image-717\" alt=\"\" srcset=\"https:\/\/safashir.ir\/tr\/wp-content\/uploads\/2025\/12\/wok-0122-1024x689.png 1024w, https:\/\/safashir.ir\/tr\/wp-content\/uploads\/2025\/12\/wok-0122-300x202.png 300w, https:\/\/safashir.ir\/tr\/wp-content\/uploads\/2025\/12\/wok-0122-768x517.png 768w, https:\/\/safashir.ir\/tr\/wp-content\/uploads\/2025\/12\/wok-0122-1536x1033.png 1536w, https:\/\/safashir.ir\/tr\/wp-content\/uploads\/2025\/12\/wok-0122-2048x1378.png 2048w\" sizes=\"(max-width: 800px) 100vw, 800px\" \/>\t\t\t\t\t\t\t\t\t\t\t\t\t\t\t<\/div>\n\t\t\t\t<\/div>\n\t\t<div class=\"elementor-element elementor-element-ed64fe2 e-con-full e-flex e-con e-child\" data-id=\"ed64fe2\" data-element_type=\"container\" data-settings=\"{&quot;background_background&quot;:&quot;gradient&quot;,&quot;background_motion_fx_motion_fx_mouse&quot;:&quot;yes&quot;}\">\n\t\t\t\t<div class=\"elementor-element elementor-element-c5c230f elementor-widget__width-initial elementor-widget elementor-widget-image\" data-id=\"c5c230f\" data-element_type=\"widget\" data-widget_type=\"image.default\">\n\t\t\t\t\t\t\t\t\t\t\t\t\t\t\t<img decoding=\"async\" width=\"300\" height=\"300\" src=\"https:\/\/safashir.ir\/tr\/wp-content\/uploads\/2025\/12\/WOK-W.png\" class=\"attachment-large size-large wp-image-715\" alt=\"\" srcset=\"https:\/\/safashir.ir\/tr\/wp-content\/uploads\/2025\/12\/WOK-W.png 300w, https:\/\/safashir.ir\/tr\/wp-content\/uploads\/2025\/12\/WOK-W-150x150.png 150w\" sizes=\"(max-width: 300px) 100vw, 300px\" \/>\t\t\t\t\t\t\t\t\t\t\t\t\t\t\t<\/div>\n\t\t\t\t<\/div>\n\t\t\t\t\t<\/div>\n\t\t\t\t<\/div>\n\t\t<div class=\"elementor-element elementor-element-06a0745 elementor-hidden-tablet elementor-hidden-mobile e-flex e-con-boxed e-con e-child\" data-id=\"06a0745\" data-element_type=\"container\" data-settings=\"{&quot;background_background&quot;:&quot;classic&quot;}\">\n\t\t\t\t\t<div class=\"e-con-inner\">\n\t\t\t\t<div class=\"elementor-element elementor-element-41d4ed0 elementor-widget__width-initial elementor-widget elementor-widget-image\" data-id=\"41d4ed0\" data-element_type=\"widget\" data-widget_type=\"image.default\">\n\t\t\t\t\t\t\t\t\t\t\t\t\t\t\t<img decoding=\"async\" width=\"800\" height=\"77\" src=\"https:\/\/safashir.ir\/tr\/wp-content\/uploads\/2025\/12\/qqqqqwwwwwwwwwwwwwwwweeeeeeeeeeeeeeeeeeeeeeeeeeeeee-1-1024x99.png\" class=\"attachment-large size-large wp-image-581\" alt=\"\" srcset=\"https:\/\/safashir.ir\/tr\/wp-content\/uploads\/2025\/12\/qqqqqwwwwwwwwwwwwwwwweeeeeeeeeeeeeeeeeeeeeeeeeeeeee-1-1024x99.png 1024w, https:\/\/safashir.ir\/tr\/wp-content\/uploads\/2025\/12\/qqqqqwwwwwwwwwwwwwwwweeeeeeeeeeeeeeeeeeeeeeeeeeeeee-1-300x29.png 300w, https:\/\/safashir.ir\/tr\/wp-content\/uploads\/2025\/12\/qqqqqwwwwwwwwwwwwwwwweeeeeeeeeeeeeeeeeeeeeeeeeeeeee-1-768x75.png 768w, https:\/\/safashir.ir\/tr\/wp-content\/uploads\/2025\/12\/qqqqqwwwwwwwwwwwwwwwweeeeeeeeeeeeeeeeeeeeeeeeeeeeee-1.png 1237w\" sizes=\"(max-width: 800px) 100vw, 800px\" \/>\t\t\t\t\t\t\t\t\t\t\t\t\t\t\t<\/div>\n\t\t\t\t<div class=\"elementor-element elementor-element-fc74bd7 elementor-align-center elementor-widget__width-initial elementor-widget elementor-widget-button\" data-id=\"fc74bd7\" data-element_type=\"widget\" data-widget_type=\"button.default\">\n\t\t\t\t\t\t\t\t\t\t<a class=\"elementor-button elementor-button-link elementor-size-sm\" href=\"https:\/\/safashir.ir\/lifetime-guarantee\/\">\n\t\t\t\t\t\t<span class=\"elementor-button-content-wrapper\">\n\t\t\t\t\t\t\t\t\t<span class=\"elementor-button-text\">\u00d6m\u00fcr Boyu Garanti<\/span>\n\t\t\t\t\t<\/span>\n\t\t\t\t\t<\/a>\n\t\t\t\t\t\t\t\t<\/div>\n\t\t\t\t<div class=\"elementor-element elementor-element-635c31b elementor-widget__width-initial elementor-widget elementor-widget-text-editor\" data-id=\"635c31b\" data-element_type=\"widget\" data-widget_type=\"text-editor.default\">\n\t\t\t\t\t\t\t\t\t<p>\u00dcr\u00fcn garanti \u015fartlar\u0131n\u0131 g\u00f6rmek i\u00e7in t\u0131klay\u0131n<\/p>\t\t\t\t\t\t\t\t<\/div>\n\t\t\t\t<div class=\"elementor-element elementor-element-9ce86c0 elementor-widget__width-initial elementor-widget elementor-widget-heading\" data-id=\"9ce86c0\" data-element_type=\"widget\" data-widget_type=\"heading.default\">\n\t\t\t\t\t<h2 class=\"elementor-heading-title elementor-size-default\">\u00d6m\u00fcr Boyu Garanti<\/h2>\t\t\t\t<\/div>\n\t\t\t\t\t<\/div>\n\t\t\t\t<\/div>\n\t\t\t\t<div class=\"elementor-element elementor-element-c6862e7 elementor-hidden-tablet elementor-hidden-mobile elementor-widget elementor-widget-heading\" data-id=\"c6862e7\" data-element_type=\"widget\" data-widget_type=\"heading.default\">\n\t\t\t\t\t<h2 class=\"elementor-heading-title elementor-size-default\">Benzer \u00fcr\u00fcnler<\/h2>\t\t\t\t<\/div>\n\t\t<div class=\"elementor-element elementor-element-d063d51 elementor-hidden-tablet elementor-hidden-mobile e-flex e-con-boxed e-con e-child\" data-id=\"d063d51\" data-element_type=\"container\" data-settings=\"{&quot;background_background&quot;:&quot;gradient&quot;,&quot;shape_divider_top&quot;:&quot;curve&quot;,&quot;shape_divider_bottom&quot;:&quot;curve&quot;,&quot;shape_divider_bottom_negative&quot;:&quot;yes&quot;}\">\n\t\t\t\t\t<div class=\"e-con-inner\">\n\t\t\t\t<div class=\"elementor-shape elementor-shape-top\" aria-hidden=\"true\" data-negative=\"false\">\n\t\t\t<svg xmlns=\"http:\/\/www.w3.org\/2000\/svg\" viewBox=\"0 0 1000 100\" preserveAspectRatio=\"none\">\n    <path class=\"elementor-shape-fill\" d=\"M1000,4.3V0H0v4.3C0.9,23.1,126.7,99.2,500,100S1000,22.7,1000,4.3z\"\/>\n<\/svg>\t\t<\/div>\n\t\t\t\t<div class=\"elementor-shape elementor-shape-bottom\" aria-hidden=\"true\" data-negative=\"true\">\n\t\t\t<svg xmlns=\"http:\/\/www.w3.org\/2000\/svg\" viewBox=\"0 0 1000 100\" preserveAspectRatio=\"none\">\n\t<path class=\"elementor-shape-fill\" d=\"M500,97C126.7,96.3,0.8,19.8,0,0v100l1000,0V1C1000,19.4,873.3,97.8,500,97z\"\/>\n<\/svg>\t\t<\/div>\n\t\t<div class=\"elementor-element elementor-element-6d35b4f e-con-full e-flex e-con e-child\" data-id=\"6d35b4f\" data-element_type=\"container\" data-settings=\"{&quot;background_background&quot;:&quot;gradient&quot;}\">\n\t\t\t\t<div class=\"elementor-element elementor-element-7ed4238 elementor-widget elementor-widget-image\" data-id=\"7ed4238\" data-element_type=\"widget\" data-widget_type=\"image.default\">\n\t\t\t\t\t\t\t\t\t\t\t\t\t\t\t\t<a href=\"https:\/\/safashir.ir\/tr\/index.php\/ng-series\/\">\n\t\t\t\t\t\t\t<img loading=\"lazy\" decoding=\"async\" width=\"573\" height=\"387\" src=\"https:\/\/safashir.ir\/tr\/wp-content\/uploads\/2025\/12\/NG2.png\" class=\"elementor-animation-grow attachment-large size-large wp-image-582\" alt=\"\" srcset=\"https:\/\/safashir.ir\/tr\/wp-content\/uploads\/2025\/12\/NG2.png 573w, https:\/\/safashir.ir\/tr\/wp-content\/uploads\/2025\/12\/NG2-300x203.png 300w\" sizes=\"(max-width: 573px) 100vw, 573px\" \/>\t\t\t\t\t\t\t\t<\/a>\n\t\t\t\t\t\t\t\t\t\t\t\t\t\t\t<\/div>\n\t\t\t\t<\/div>\n\t\t<div class=\"elementor-element elementor-element-9e49651 e-con-full e-flex e-con e-child\" data-id=\"9e49651\" data-element_type=\"container\" data-settings=\"{&quot;background_background&quot;:&quot;gradient&quot;}\">\n\t\t\t\t<div class=\"elementor-element elementor-element-c82ac05 elementor-widget elementor-widget-image\" data-id=\"c82ac05\" data-element_type=\"widget\" data-widget_type=\"image.default\">\n\t\t\t\t\t\t\t\t\t\t\t\t\t\t\t\t<a href=\"https:\/\/safashir.ir\/tr\/index.php\/n-series\/\">\n\t\t\t\t\t\t\t<img loading=\"lazy\" decoding=\"async\" width=\"573\" height=\"387\" src=\"https:\/\/safashir.ir\/tr\/wp-content\/uploads\/2025\/12\/N-2.png\" class=\"elementor-animation-grow attachment-large size-large wp-image-576\" alt=\"\" srcset=\"https:\/\/safashir.ir\/tr\/wp-content\/uploads\/2025\/12\/N-2.png 573w, https:\/\/safashir.ir\/tr\/wp-content\/uploads\/2025\/12\/N-2-300x203.png 300w\" sizes=\"(max-width: 573px) 100vw, 573px\" \/>\t\t\t\t\t\t\t\t<\/a>\n\t\t\t\t\t\t\t\t\t\t\t\t\t\t\t<\/div>\n\t\t\t\t<\/div>\n\t\t<div class=\"elementor-element elementor-element-d9a3491 e-con-full e-flex e-con e-child\" data-id=\"d9a3491\" data-element_type=\"container\" data-settings=\"{&quot;background_background&quot;:&quot;gradient&quot;}\">\n\t\t\t\t<div class=\"elementor-element elementor-element-5424cd2 elementor-widget elementor-widget-image\" data-id=\"5424cd2\" data-element_type=\"widget\" data-widget_type=\"image.default\">\n\t\t\t\t\t\t\t\t\t\t\t\t\t\t\t\t<a href=\"https:\/\/safashir.ir\/tr\/index.php\/ae-series\/\">\n\t\t\t\t\t\t\t<img loading=\"lazy\" decoding=\"async\" width=\"573\" height=\"387\" src=\"https:\/\/safashir.ir\/tr\/wp-content\/uploads\/2025\/12\/AE-1.png\" class=\"elementor-animation-grow attachment-large size-large wp-image-584\" alt=\"\" srcset=\"https:\/\/safashir.ir\/tr\/wp-content\/uploads\/2025\/12\/AE-1.png 573w, https:\/\/safashir.ir\/tr\/wp-content\/uploads\/2025\/12\/AE-1-300x203.png 300w\" sizes=\"(max-width: 573px) 100vw, 573px\" \/>\t\t\t\t\t\t\t\t<\/a>\n\t\t\t\t\t\t\t\t\t\t\t\t\t\t\t<\/div>\n\t\t\t\t<\/div>\n\t\t\t\t\t<\/div>\n\t\t\t\t<\/div>\n\t\t<div class=\"elementor-element elementor-element-c5621e8 elementor-hidden-desktop elementor-hidden-tablet e-flex e-con-boxed e-con e-child\" data-id=\"c5621e8\" data-element_type=\"container\" data-settings=\"{&quot;background_background&quot;:&quot;classic&quot;}\">\n\t\t\t\t\t<div class=\"e-con-inner\">\n\t\t\t\t<div class=\"elementor-element elementor-element-144b6f0 elementor-widget__width-initial elementor-widget elementor-widget-image\" data-id=\"144b6f0\" data-element_type=\"widget\" data-widget_type=\"image.default\">\n\t\t\t\t\t\t\t\t\t\t\t\t\t\t\t<img decoding=\"async\" width=\"800\" height=\"77\" src=\"https:\/\/safashir.ir\/tr\/wp-content\/uploads\/2025\/12\/qqqqqwwwwwwwwwwwwwwwweeeeeeeeeeeeeeeeeeeeeeeeeeeeee-1-1024x99.png\" class=\"attachment-large size-large wp-image-581\" alt=\"\" srcset=\"https:\/\/safashir.ir\/tr\/wp-content\/uploads\/2025\/12\/qqqqqwwwwwwwwwwwwwwwweeeeeeeeeeeeeeeeeeeeeeeeeeeeee-1-1024x99.png 1024w, https:\/\/safashir.ir\/tr\/wp-content\/uploads\/2025\/12\/qqqqqwwwwwwwwwwwwwwwweeeeeeeeeeeeeeeeeeeeeeeeeeeeee-1-300x29.png 300w, https:\/\/safashir.ir\/tr\/wp-content\/uploads\/2025\/12\/qqqqqwwwwwwwwwwwwwwwweeeeeeeeeeeeeeeeeeeeeeeeeeeeee-1-768x75.png 768w, https:\/\/safashir.ir\/tr\/wp-content\/uploads\/2025\/12\/qqqqqwwwwwwwwwwwwwwwweeeeeeeeeeeeeeeeeeeeeeeeeeeeee-1.png 1237w\" sizes=\"(max-width: 800px) 100vw, 800px\" \/>\t\t\t\t\t\t\t\t\t\t\t\t\t\t\t<\/div>\n\t\t\t\t<div class=\"elementor-element elementor-element-4dc5553 elementor-widget__width-initial elementor-widget elementor-widget-heading\" data-id=\"4dc5553\" data-element_type=\"widget\" data-widget_type=\"heading.default\">\n\t\t\t\t\t<h2 class=\"elementor-heading-title elementor-size-default\">LIFETIME GUARANTEE<\/h2>\t\t\t\t<\/div>\n\t\t\t\t\t<\/div>\n\t\t\t\t<\/div>\n\t\t\t\t<\/div>\n\t\t\t\t<\/div>\n\t\t","protected":false},"excerpt":{"rendered":"<p>MODEL:WOK-W \u00d6m\u00fcr Boyu Garanti \u00dcr\u00fcn garanti \u015fartlar\u0131n\u0131 g\u00f6rmek i\u00e7in t\u0131klay\u0131n \u00d6m\u00fcr Boyu Garanti Benzer \u00fcr\u00fcnler LIFETIME GUARANTEE<\/p>\n","protected":false},"author":1,"featured_media":0,"parent":0,"menu_order":0,"comment_status":"closed","ping_status":"closed","template":"","meta":{"footnotes":""},"class_list":["post-30","page","type-page","status-publish","hentry"],"_links":{"self":[{"href":"https:\/\/safashir.ir\/tr\/index.php\/wp-json\/wp\/v2\/pages\/30","targetHints":{"allow":["GET"]}}],"collection":[{"href":"https:\/\/safashir.ir\/tr\/index.php\/wp-json\/wp\/v2\/pages"}],"about":[{"href":"https:\/\/safashir.ir\/tr\/index.php\/wp-json\/wp\/v2\/types\/page"}],"author":[{"embeddable":true,"href":"https:\/\/safashir.ir\/tr\/index.php\/wp-json\/wp\/v2\/users\/1"}],"replies":[{"embeddable":true,"href":"https:\/\/safashir.ir\/tr\/index.php\/wp-json\/wp\/v2\/comments?post=30"}],"version-history":[{"count":3,"href":"https:\/\/safashir.ir\/tr\/index.php\/wp-json\/wp\/v2\/pages\/30\/revisions"}],"predecessor-version":[{"id":720,"href":"https:\/\/safashir.ir\/tr\/index.php\/wp-json\/wp\/v2\/pages\/30\/revisions\/720"}],"wp:attachment":[{"href":"https:\/\/safashir.ir\/tr\/index.php\/wp-json\/wp\/v2\/media?parent=30"}],"curies":[{"name":"wp","href":"https:\/\/api.w.org\/{rel}","templated":true}]}}